{"id":3063,"date":"2021-06-04T08:30:50","date_gmt":"2021-06-04T08:30:50","guid":{"rendered":"https:\/\/deminetec-ecg.com\/probleme-duxo\/"},"modified":"2021-06-04T09:55:39","modified_gmt":"2021-06-04T09:55:39","slug":"probleme-duxo","status":"publish","type":"page","link":"https:\/\/deminetec-ecg.com\/fr\/probleme-duxo\/","title":{"rendered":"Probleme d&#8217;UXO"},"content":{"rendered":"<p>[et_pb_section fb_built=&#8221;1&#8243; admin_label=&#8221;Hero&#8221; _builder_version=&#8221;4.9.0&#8243; background_color=&#8221;#5A8E9B&#8221; background_enable_image=&#8221;off&#8221; custom_padding=&#8221;|||&#8221; animation_style=&#8221;zoom&#8221; animation_intensity_zoom=&#8221;4%&#8221;][et_pb_row _builder_version=&#8221;4.9.2&#8243; background_size=&#8221;initial&#8221; background_position=&#8221;top_left&#8221; background_repeat=&#8221;repeat&#8221; custom_padding=&#8221;|||&#8221; animation_style=&#8221;slide&#8221; animation_direction=&#8221;top&#8221; animation_intensity_slide=&#8221;3%&#8221;][et_pb_column type=&#8221;4_4&#8243; _builder_version=&#8221;3.25&#8243; custom_padding=&#8221;|||&#8221; custom_padding__hover=&#8221;|||&#8221;][et_pb_text admin_label=&#8221;titel&#8221; _builder_version=&#8221;4.9.2&#8243; text_font=&#8221;||||||||&#8221; header_font=&#8221;Montserrat|700||on|||||&#8221; header_text_color=&#8221;#353740&#8243; header_font_size=&#8221;60px&#8221; header_line_height=&#8221;1.3em&#8221; background_size=&#8221;initial&#8221; background_position=&#8221;top_left&#8221; background_repeat=&#8221;repeat&#8221; custom_margin=&#8221;|||&#8221; animation_style=&#8221;fade&#8221; header_font_size_tablet=&#8221;50px&#8221; header_font_size_phone=&#8221;30px&#8221; header_font_size_last_edited=&#8221;on|desktop&#8221; locked=&#8221;off&#8221;]<\/p>\n<p>Le Probleme d&#8217;UXO<\/p>\n<p>[\/et_pb_text][\/et_pb_column][\/et_pb_row][\/et_pb_section][et_pb_section fb_built=&#8221;1&#8243; admin_label=&#8221;Case Study Text&#8221; _builder_version=&#8221;3.22&#8243; custom_margin=&#8221;||1px|||&#8221; custom_padding=&#8221;40px||27px|||&#8221;][et_pb_row _builder_version=&#8221;4.9.0&#8243; _module_preset=&#8221;default&#8221;][et_pb_column type=&#8221;4_4&#8243; _builder_version=&#8221;4.9.0&#8243; _module_preset=&#8221;default&#8221;][et_pb_text _builder_version=&#8221;4.9.4&#8243; _module_preset=&#8221;default&#8221;]<\/p>\n<h3><strong>Belgique: Champs de bataille de l&#8217;Europe&nbsp;<\/strong><\/h3>\n<p><strong><br \/><\/strong><strong><br \/><\/strong>Au \ufb01l des si\u00e8cles, de nombreux con\ufb02its se sont d\u00e9roul\u00e9s sur le territoire Belge (des nombreuses batailles (pr\u00e9-) m\u00e9di\u00e9vales \u00e0 la bataille de Waterloo avec bien entendu les deux guerres mondiales). Ils ont tous laiss\u00e9 leur empreintes sur notre histoire et leur marque sur notre paysage. Les stigmates des derni\u00e8res guerres sont encores visibles de nos jours &#8230; et leurs restes explosifs sont encore extr\u00e8mement dangereux, parfois mortels.<\/p>\n<h3><strong>La Belgique dans la premiere guerre&nbsp;<\/strong><\/h3>\n<p><strong><\/p>\n<p><\/strong><br \/>Nous pensons toujours aux tranch\u00e9es du Nord Ouest du pays. C\u2019est normal, car la ligne de front y est rest\u00e9e plus ou moins stable pendant la majeure partie de la guerre. Pourtant, il y a eu en r\u00e9alit\u00e9 de nombreuses autres batailles \u00e0 travers la Belgique. Par exemple, les batailles de Mons, Houthalen-Helchteren ainsi que les bombardements des forts autour de Li\u00e8ge, Namur et Anvers. Des millions de projectiles ont \u00e9t\u00e9 tir\u00e9s pendant le con\ufb02 it et on estime que jusqu\u2019\u00e0 30% n\u2019ont jamais explos\u00e9. Environ 10% de ces munitions abandonn\u00e9es contiendraient des toxiques de guerre. Beaucoup de ces munitions non-explos\u00e9s (NGE) sont encore enfouies dans le sol (ou l\u2019eau) et sont d\u00e9couvertes r\u00e9guli\u00e8rement. 100 ans apr\u00e8s que les armes se sont tues,<br \/>elles continuent de faire des victimes.<\/p>\n<p><\/p>\n<h3><strong>La Belgique dans la seconde guerre<\/strong><\/h3>\n<p>Il est di\ufb03cile de d\u00e9nombrer pr\u00e9cisement le nombre de raids a\u00e9riens qui ont \u00e9t\u00e9 e\ufb00 ectu\u00e9s au-dessus de la Belgique pendant la Seconde Guerre mondiale. Hormis les impacts des V1 et V2 pr\u00e8s d\u2019Anvers, ceux-ci n\u2019ont jamais \u00e9t\u00e9 cartographi\u00e9s. Cependant, il arrive de plus en plus souvent que des bombes d\u2019aviation r\u00e9-apparaissent lors de toute sortes de travaux d\u2019excavation. Compte tenu des grandes quantit\u00e9s d\u2019explosifs qu\u2019elles contiennent, cela devient rapidement un probl\u00e8me majeur. En outre, se pose toujours la question des millions de projectiles tir\u00e9s et non-explos\u00e9s lors des nombreuses batailles terrestres, comme l\u2019o\ufb00ensive des Ardennes.<\/p>\n<p>[\/et_pb_text][\/et_pb_column][\/et_pb_row][\/et_pb_section][et_pb_section fb_built=&#8221;1&#8243; fullwidth=&#8221;on&#8221; _builder_version=&#8221;4.9.2&#8243; _module_preset=&#8221;default&#8221; background_image=&#8221;https:\/\/deminetec-ecg.com\/wp-content\/uploads\/2021\/03\/ERW-scaled.jpg&#8221; parallax=&#8221;on&#8221; filter_saturate=&#8221;10%&#8221;][et_pb_fullwidth_header title=&#8221;Besoin d\u2019en savoir plus ou une demande de devis?&#8221; text_orientation=&#8221;center&#8221; button_one_text=&#8221;Contact&#8221; button_one_url=&#8221;https:\/\/deminetec-ecg.com\/fr\/contact\/&#8221; background_overlay_color=&#8221;RGBA(0,0,0,0)&#8221; _builder_version=&#8221;4.9.4&#8243; _module_preset=&#8221;default&#8221; title_level=&#8221;h2&#8243; title_font=&#8221;|700|||||||&#8221; title_font_size=&#8221;29px&#8221; background_enable_color=&#8221;off&#8221; background_enable_image=&#8221;off&#8221; background_blend=&#8221;hue&#8221; custom_button_one=&#8221;on&#8221; button_one_text_color=&#8221;#000000&#8243; button_one_bg_color=&#8221;#FFFFFF&#8221; button_one_border_width=&#8221;3px&#8221; button_one_border_color=&#8221;#FFFFFF&#8221; button_one_border_radius=&#8221;100px&#8221; button_one_letter_spacing=&#8221;2px&#8221; button_one_font=&#8221;Montserrat|on||on|&#8221; button_one_icon=&#8221;%%36%%&#8221; button_one_icon_color=&#8221;#000000&#8243; button_one_custom_margin=&#8221;|||10px|false|false&#8221; button_one_custom_margin_tablet=&#8221;|||10px|false|false&#8221; button_one_custom_margin_phone=&#8221;|||10px|false|false&#8221; button_one_custom_margin_last_edited=&#8221;on|desktop&#8221; child_filter_saturate=&#8221;163%&#8221; link_option_url=&#8221;https:\/\/deminetec-ecg.com\/contact\/&#8221; link_option_url_new_window=&#8221;on&#8221; hover_enabled=&#8221;0&#8243; text_shadow_style=&#8221;preset5&#8243; button_one_text_color__hover=&#8221;#000000&#8243; button_one_text_color__hover_enabled=&#8221;on|hover&#8221; button_one_bg_color__hover=&#8221;#FFFFFF&#8221; button_one_bg_color__hover_enabled=&#8221;on|hover&#8221; button_one_border_color__hover=&#8221;#ffffff&#8221; button_one_border_color__hover_enabled=&#8221;on|desktop&#8221; button_one_letter_spacing__hover=&#8221;2px&#8221; button_one_letter_spacing__hover_enabled=&#8221;on&#8221; button_one_bg_enable_color__hover=&#8221;on&#8221; sticky_enabled=&#8221;0&#8243;][\/et_pb_fullwidth_header][\/et_pb_section]<\/p>\n","protected":false},"excerpt":{"rendered":"<p>[et_pb_section fb_built=&#8221;1&#8243; admin_label=&#8221;Hero&#8221; _builder_version=&#8221;4.9.0&#8243; background_color=&#8221;#5A8E9B&#8221; background_enable_image=&#8221;off&#8221; custom_padding=&#8221;|||&#8221; animation_style=&#8221;zoom&#8221; animation_intensity_zoom=&#8221;4%&#8221;][et_pb_row _builder_version=&#8221;4.9.2&#8243; background_size=&#8221;initial&#8221; background_position=&#8221;top_left&#8221; background_repeat=&#8221;repeat&#8221; custom_padding=&#8221;|||&#8221; animation_style=&#8221;slide&#8221; animation_direction=&#8221;top&#8221; animation_intensity_slide=&#8221;3%&#8221;][et_pb_column type=&#8221;4_4&#8243; _builder_version=&#8221;3.25&#8243; custom_padding=&#8221;|||&#8221; custom_padding__hover=&#8221;|||&#8221;][et_pb_text admin_label=&#8221;titel&#8221; _builder_version=&#8221;4.9.2&#8243; text_font=&#8221;||||||||&#8221; header_font=&#8221;Montserrat|700||on|||||&#8221; header_text_color=&#8221;#353740&#8243; header_font_size=&#8221;60px&#8221; header_line_height=&#8221;1.3em&#8221; background_size=&#8221;initial&#8221; background_position=&#8221;top_left&#8221; background_repeat=&#8221;repeat&#8221; custom_margin=&#8221;|||&#8221; animation_style=&#8221;fade&#8221; header_font_size_tablet=&#8221;50px&#8221; header_font_size_phone=&#8221;30px&#8221; header_font_size_last_edited=&#8221;on|desktop&#8221; locked=&#8221;off&#8221;] Le Probleme d&#8217;UXO [\/et_pb_text][\/et_pb_column][\/et_pb_row][\/et_pb_section][et_pb_section fb_built=&#8221;1&#8243; admin_label=&#8221;Case Study Text&#8221; _builder_version=&#8221;3.22&#8243; custom_margin=&#8221;||1px|||&#8221; custom_padding=&#8221;40px||27px|||&#8221;][et_pb_row _builder_version=&#8221;4.9.0&#8243; _module_preset=&#8221;default&#8221;][et_pb_column type=&#8221;4_4&#8243; _builder_version=&#8221;4.9.0&#8243; _module_preset=&#8221;default&#8221;][et_pb_text _builder_version=&#8221;4.9.4&#8243; _module_preset=&#8221;default&#8221;] [&hellip;]<\/p>\n","protected":false},"author":1,"featured_media":0,"parent":0,"menu_order":0,"comment_status":"closed","ping_status":"closed","template":"","meta":{"_et_pb_use_builder":"on","_et_pb_old_content":"","_et_gb_content_width":"","footnotes":""},"class_list":["post-3063","page","type-page","status-publish","hentry"],"yoast_head":"<!-- This site is optimized with the Yoast SEO plugin v23.3 - https:\/\/yoast.com\/wordpress\/plugins\/seo\/ -->\n<title>Probleme d&#039;UXO - Deminetec-ECG<\/title>\n<meta name=\"robots\" content=\"index, follow, max-snippet:-1, max-image-preview:large, max-video-preview:-1\" \/>\n<link rel=\"canonical\" href=\"https:\/\/deminetec-ecg.com\/fr\/probleme-duxo\/\" \/>\n<meta property=\"og:locale\" content=\"fr_FR\" \/>\n<meta property=\"og:type\" content=\"article\" \/>\n<meta property=\"og:title\" content=\"Probleme d&#039;UXO - Deminetec-ECG\" \/>\n<meta property=\"og:description\" content=\"[et_pb_section fb_built=&#8221;1&#8243; admin_label=&#8221;Hero&#8221; _builder_version=&#8221;4.9.0&#8243; background_color=&#8221;#5A8E9B&#8221; background_enable_image=&#8221;off&#8221; custom_padding=&#8221;|||&#8221; animation_style=&#8221;zoom&#8221; animation_intensity_zoom=&#8221;4%&#8221;][et_pb_row _builder_version=&#8221;4.9.2&#8243; background_size=&#8221;initial&#8221; background_position=&#8221;top_left&#8221; background_repeat=&#8221;repeat&#8221; custom_padding=&#8221;|||&#8221; animation_style=&#8221;slide&#8221; animation_direction=&#8221;top&#8221; animation_intensity_slide=&#8221;3%&#8221;][et_pb_column type=&#8221;4_4&#8243; _builder_version=&#8221;3.25&#8243; custom_padding=&#8221;|||&#8221; custom_padding__hover=&#8221;|||&#8221;][et_pb_text admin_label=&#8221;titel&#8221; _builder_version=&#8221;4.9.2&#8243; text_font=&#8221;||||||||&#8221; header_font=&#8221;Montserrat|700||on|||||&#8221; header_text_color=&#8221;#353740&#8243; header_font_size=&#8221;60px&#8221; header_line_height=&#8221;1.3em&#8221; background_size=&#8221;initial&#8221; background_position=&#8221;top_left&#8221; background_repeat=&#8221;repeat&#8221; custom_margin=&#8221;|||&#8221; animation_style=&#8221;fade&#8221; header_font_size_tablet=&#8221;50px&#8221; header_font_size_phone=&#8221;30px&#8221; header_font_size_last_edited=&#8221;on|desktop&#8221; locked=&#8221;off&#8221;] Le Probleme d&#8217;UXO [\/et_pb_text][\/et_pb_column][\/et_pb_row][\/et_pb_section][et_pb_section fb_built=&#8221;1&#8243; admin_label=&#8221;Case Study Text&#8221; _builder_version=&#8221;3.22&#8243; custom_margin=&#8221;||1px|||&#8221; custom_padding=&#8221;40px||27px|||&#8221;][et_pb_row _builder_version=&#8221;4.9.0&#8243; _module_preset=&#8221;default&#8221;][et_pb_column type=&#8221;4_4&#8243; _builder_version=&#8221;4.9.0&#8243; _module_preset=&#8221;default&#8221;][et_pb_text _builder_version=&#8221;4.9.4&#8243; _module_preset=&#8221;default&#8221;] [&hellip;]\" \/>\n<meta property=\"og:url\" content=\"https:\/\/deminetec-ecg.com\/fr\/probleme-duxo\/\" \/>\n<meta property=\"og:site_name\" content=\"Deminetec-ECG\" \/>\n<meta property=\"article:publisher\" content=\"https:\/\/www.facebook.com\/deminetec\/\" \/>\n<meta property=\"article:modified_time\" content=\"2021-06-04T09:55:39+00:00\" \/>\n<meta property=\"og:image\" content=\"https:\/\/deminetec-ecg.com\/wp-content\/uploads\/2021\/02\/d-ecg_blue2.jpg\" \/>\n\t<meta property=\"og:image:width\" content=\"1000\" \/>\n\t<meta property=\"og:image:height\" content=\"300\" \/>\n\t<meta property=\"og:image:type\" content=\"image\/jpeg\" \/>\n<meta name=\"twitter:card\" content=\"summary_large_image\" \/>\n<meta name=\"twitter:label1\" content=\"Dur\u00e9e de lecture estim\u00e9e\" \/>\n\t<meta name=\"twitter:data1\" content=\"4 minutes\" \/>\n<script type=\"application\/ld+json\" class=\"yoast-schema-graph\">{\"@context\":\"https:\/\/schema.org\",\"@graph\":[{\"@type\":\"WebPage\",\"@id\":\"https:\/\/deminetec-ecg.com\/fr\/probleme-duxo\/\",\"url\":\"https:\/\/deminetec-ecg.com\/fr\/probleme-duxo\/\",\"name\":\"Probleme d'UXO - Deminetec-ECG\",\"isPartOf\":{\"@id\":\"https:\/\/deminetec-ecg.com\/#website\"},\"datePublished\":\"2021-06-04T08:30:50+00:00\",\"dateModified\":\"2021-06-04T09:55:39+00:00\",\"breadcrumb\":{\"@id\":\"https:\/\/deminetec-ecg.com\/fr\/probleme-duxo\/#breadcrumb\"},\"inLanguage\":\"fr-FR\",\"potentialAction\":[{\"@type\":\"ReadAction\",\"target\":[\"https:\/\/deminetec-ecg.com\/fr\/probleme-duxo\/\"]}]},{\"@type\":\"BreadcrumbList\",\"@id\":\"https:\/\/deminetec-ecg.com\/fr\/probleme-duxo\/#breadcrumb\",\"itemListElement\":[{\"@type\":\"ListItem\",\"position\":1,\"name\":\"Home\",\"item\":\"https:\/\/deminetec-ecg.com\/fr\/\"},{\"@type\":\"ListItem\",\"position\":2,\"name\":\"Probleme d&#8217;UXO\"}]},{\"@type\":\"WebSite\",\"@id\":\"https:\/\/deminetec-ecg.com\/#website\",\"url\":\"https:\/\/deminetec-ecg.com\/\",\"name\":\"Deminetec-ECG\",\"description\":\"Just another WordPress site\",\"publisher\":{\"@id\":\"https:\/\/deminetec-ecg.com\/#organization\"},\"potentialAction\":[{\"@type\":\"SearchAction\",\"target\":{\"@type\":\"EntryPoint\",\"urlTemplate\":\"https:\/\/deminetec-ecg.com\/?s={search_term_string}\"},\"query-input\":\"required name=search_term_string\"}],\"inLanguage\":\"fr-FR\"},{\"@type\":\"Organization\",\"@id\":\"https:\/\/deminetec-ecg.com\/#organization\",\"name\":\"Deminetec ECG\",\"url\":\"https:\/\/deminetec-ecg.com\/\",\"logo\":{\"@type\":\"ImageObject\",\"inLanguage\":\"fr-FR\",\"@id\":\"https:\/\/deminetec-ecg.com\/#\/schema\/logo\/image\/\",\"url\":\"https:\/\/deminetec-ecg.com\/wp-content\/uploads\/2021\/03\/d-ecg_blue1-removebg-preview.png\",\"contentUrl\":\"https:\/\/deminetec-ecg.com\/wp-content\/uploads\/2021\/03\/d-ecg_blue1-removebg-preview.png\",\"width\":500,\"height\":500,\"caption\":\"Deminetec ECG\"},\"image\":{\"@id\":\"https:\/\/deminetec-ecg.com\/#\/schema\/logo\/image\/\"},\"sameAs\":[\"https:\/\/www.facebook.com\/deminetec\/\"]}]}<\/script>\n<!-- \/ Yoast SEO plugin. -->","yoast_head_json":{"title":"Probleme d'UXO - Deminetec-ECG","robots":{"index":"index","follow":"follow","max-snippet":"max-snippet:-1","max-image-preview":"max-image-preview:large","max-video-preview":"max-video-preview:-1"},"canonical":"https:\/\/deminetec-ecg.com\/fr\/probleme-duxo\/","og_locale":"fr_FR","og_type":"article","og_title":"Probleme d'UXO - Deminetec-ECG","og_description":"[et_pb_section fb_built=&#8221;1&#8243; admin_label=&#8221;Hero&#8221; _builder_version=&#8221;4.9.0&#8243; background_color=&#8221;#5A8E9B&#8221; background_enable_image=&#8221;off&#8221; custom_padding=&#8221;|||&#8221; animation_style=&#8221;zoom&#8221; animation_intensity_zoom=&#8221;4%&#8221;][et_pb_row _builder_version=&#8221;4.9.2&#8243; background_size=&#8221;initial&#8221; background_position=&#8221;top_left&#8221; background_repeat=&#8221;repeat&#8221; custom_padding=&#8221;|||&#8221; animation_style=&#8221;slide&#8221; animation_direction=&#8221;top&#8221; animation_intensity_slide=&#8221;3%&#8221;][et_pb_column type=&#8221;4_4&#8243; _builder_version=&#8221;3.25&#8243; custom_padding=&#8221;|||&#8221; custom_padding__hover=&#8221;|||&#8221;][et_pb_text admin_label=&#8221;titel&#8221; _builder_version=&#8221;4.9.2&#8243; text_font=&#8221;||||||||&#8221; header_font=&#8221;Montserrat|700||on|||||&#8221; header_text_color=&#8221;#353740&#8243; header_font_size=&#8221;60px&#8221; header_line_height=&#8221;1.3em&#8221; background_size=&#8221;initial&#8221; background_position=&#8221;top_left&#8221; background_repeat=&#8221;repeat&#8221; custom_margin=&#8221;|||&#8221; animation_style=&#8221;fade&#8221; header_font_size_tablet=&#8221;50px&#8221; header_font_size_phone=&#8221;30px&#8221; header_font_size_last_edited=&#8221;on|desktop&#8221; locked=&#8221;off&#8221;] Le Probleme d&#8217;UXO [\/et_pb_text][\/et_pb_column][\/et_pb_row][\/et_pb_section][et_pb_section fb_built=&#8221;1&#8243; admin_label=&#8221;Case Study Text&#8221; _builder_version=&#8221;3.22&#8243; custom_margin=&#8221;||1px|||&#8221; custom_padding=&#8221;40px||27px|||&#8221;][et_pb_row _builder_version=&#8221;4.9.0&#8243; _module_preset=&#8221;default&#8221;][et_pb_column type=&#8221;4_4&#8243; _builder_version=&#8221;4.9.0&#8243; _module_preset=&#8221;default&#8221;][et_pb_text _builder_version=&#8221;4.9.4&#8243; _module_preset=&#8221;default&#8221;] [&hellip;]","og_url":"https:\/\/deminetec-ecg.com\/fr\/probleme-duxo\/","og_site_name":"Deminetec-ECG","article_publisher":"https:\/\/www.facebook.com\/deminetec\/","article_modified_time":"2021-06-04T09:55:39+00:00","og_image":[{"width":1000,"height":300,"url":"https:\/\/deminetec-ecg.com\/wp-content\/uploads\/2021\/02\/d-ecg_blue2.jpg","type":"image\/jpeg"}],"twitter_card":"summary_large_image","twitter_misc":{"Dur\u00e9e de lecture estim\u00e9e":"4 minutes"},"schema":{"@context":"https:\/\/schema.org","@graph":[{"@type":"WebPage","@id":"https:\/\/deminetec-ecg.com\/fr\/probleme-duxo\/","url":"https:\/\/deminetec-ecg.com\/fr\/probleme-duxo\/","name":"Probleme d'UXO - Deminetec-ECG","isPartOf":{"@id":"https:\/\/deminetec-ecg.com\/#website"},"datePublished":"2021-06-04T08:30:50+00:00","dateModified":"2021-06-04T09:55:39+00:00","breadcrumb":{"@id":"https:\/\/deminetec-ecg.com\/fr\/probleme-duxo\/#breadcrumb"},"inLanguage":"fr-FR","potentialAction":[{"@type":"ReadAction","target":["https:\/\/deminetec-ecg.com\/fr\/probleme-duxo\/"]}]},{"@type":"BreadcrumbList","@id":"https:\/\/deminetec-ecg.com\/fr\/probleme-duxo\/#breadcrumb","itemListElement":[{"@type":"ListItem","position":1,"name":"Home","item":"https:\/\/deminetec-ecg.com\/fr\/"},{"@type":"ListItem","position":2,"name":"Probleme d&#8217;UXO"}]},{"@type":"WebSite","@id":"https:\/\/deminetec-ecg.com\/#website","url":"https:\/\/deminetec-ecg.com\/","name":"Deminetec-ECG","description":"Just another WordPress site","publisher":{"@id":"https:\/\/deminetec-ecg.com\/#organization"},"potentialAction":[{"@type":"SearchAction","target":{"@type":"EntryPoint","urlTemplate":"https:\/\/deminetec-ecg.com\/?s={search_term_string}"},"query-input":"required name=search_term_string"}],"inLanguage":"fr-FR"},{"@type":"Organization","@id":"https:\/\/deminetec-ecg.com\/#organization","name":"Deminetec ECG","url":"https:\/\/deminetec-ecg.com\/","logo":{"@type":"ImageObject","inLanguage":"fr-FR","@id":"https:\/\/deminetec-ecg.com\/#\/schema\/logo\/image\/","url":"https:\/\/deminetec-ecg.com\/wp-content\/uploads\/2021\/03\/d-ecg_blue1-removebg-preview.png","contentUrl":"https:\/\/deminetec-ecg.com\/wp-content\/uploads\/2021\/03\/d-ecg_blue1-removebg-preview.png","width":500,"height":500,"caption":"Deminetec ECG"},"image":{"@id":"https:\/\/deminetec-ecg.com\/#\/schema\/logo\/image\/"},"sameAs":["https:\/\/www.facebook.com\/deminetec\/"]}]}},"_links":{"self":[{"href":"https:\/\/deminetec-ecg.com\/fr\/wp-json\/wp\/v2\/pages\/3063","targetHints":{"allow":["GET"]}}],"collection":[{"href":"https:\/\/deminetec-ecg.com\/fr\/wp-json\/wp\/v2\/pages"}],"about":[{"href":"https:\/\/deminetec-ecg.com\/fr\/wp-json\/wp\/v2\/types\/page"}],"author":[{"embeddable":true,"href":"https:\/\/deminetec-ecg.com\/fr\/wp-json\/wp\/v2\/users\/1"}],"replies":[{"embeddable":true,"href":"https:\/\/deminetec-ecg.com\/fr\/wp-json\/wp\/v2\/comments?post=3063"}],"version-history":[{"count":6,"href":"https:\/\/deminetec-ecg.com\/fr\/wp-json\/wp\/v2\/pages\/3063\/revisions"}],"predecessor-version":[{"id":3102,"href":"https:\/\/deminetec-ecg.com\/fr\/wp-json\/wp\/v2\/pages\/3063\/revisions\/3102"}],"wp:attachment":[{"href":"https:\/\/deminetec-ecg.com\/fr\/wp-json\/wp\/v2\/media?parent=3063"}],"curies":[{"name":"wp","href":"https:\/\/api.w.org\/{rel}","templated":true}]}}