{"id":2972,"date":"2021-06-03T14:37:17","date_gmt":"2021-06-03T14:37:17","guid":{"rendered":"https:\/\/deminetec-ecg.com\/recherche-historique\/"},"modified":"2021-06-04T09:55:59","modified_gmt":"2021-06-04T09:55:59","slug":"recherche-historique","status":"publish","type":"page","link":"https:\/\/deminetec-ecg.com\/fr\/recherche-historique\/","title":{"rendered":"Recherche historique"},"content":{"rendered":"<p>[et_pb_section fb_built=&#8221;1&#8243; admin_label=&#8221;Hero&#8221; _builder_version=&#8221;4.9.0&#8243; background_color=&#8221;#5A8E9B&#8221; background_enable_image=&#8221;off&#8221; min_height=&#8221;303.4px&#8221; custom_padding=&#8221;21px|||||&#8221; animation_style=&#8221;zoom&#8221; animation_intensity_zoom=&#8221;4%&#8221;][et_pb_row _builder_version=&#8221;3.25&#8243; background_size=&#8221;initial&#8221; background_position=&#8221;top_left&#8221; background_repeat=&#8221;repeat&#8221; min_height=&#8221;199.4px&#8221; custom_margin=&#8221;|auto|30px|auto||&#8221; custom_padding=&#8221;||7px|||&#8221; animation_style=&#8221;slide&#8221; animation_direction=&#8221;top&#8221; animation_intensity_slide=&#8221;3%&#8221;][et_pb_column type=&#8221;4_4&#8243; _builder_version=&#8221;3.25&#8243; custom_padding=&#8221;|||&#8221; custom_padding__hover=&#8221;|||&#8221;][et_pb_text _builder_version=&#8221;4.9.2&#8243; text_font=&#8221;||||||||&#8221; header_font=&#8221;Montserrat|700||on|||||&#8221; header_text_color=&#8221;#353740&#8243; header_font_size=&#8221;60px&#8221; header_line_height=&#8221;1.3em&#8221; background_size=&#8221;initial&#8221; background_position=&#8221;top_left&#8221; background_repeat=&#8221;repeat&#8221; custom_margin=&#8221;|||&#8221; custom_padding=&#8221;9px||3px|||&#8221; animation_style=&#8221;fade&#8221; header_font_size_tablet=&#8221;50px&#8221; header_font_size_phone=&#8221;30px&#8221; header_font_size_last_edited=&#8221;on|desktop&#8221; locked=&#8221;off&#8221;]<\/p>\n<h1 style=\"text-align: left;\"><span style=\"color: #ffffff;\">Recherche historique<\/span><\/h1>\n<p>[\/et_pb_text][\/et_pb_column][\/et_pb_row][\/et_pb_section][et_pb_section fb_built=&#8221;1&#8243; admin_label=&#8221;Case Study Text&#8221; _builder_version=&#8221;3.22&#8243; min_height=&#8221;252.1px&#8221; custom_margin=&#8221;-97px||1px|||&#8221; custom_padding=&#8221;40px||0px|||&#8221;][et_pb_row _builder_version=&#8221;4.9.0&#8243; _module_preset=&#8221;default&#8221; min_height=&#8221;222.8px&#8221; custom_margin=&#8221;0px|auto||auto||&#8221;][et_pb_column type=&#8221;4_4&#8243; _builder_version=&#8221;4.9.0&#8243; _module_preset=&#8221;default&#8221;][et_pb_text _builder_version=&#8221;4.9.2&#8243; _module_preset=&#8221;default&#8221; custom_padding=&#8221;0px|||||&#8221;]<\/p>\n<h3><strong>Pourquoi r\u00e9aliser une recherche historique sur les munitions non-explos\u00e9es (UXO)?<\/strong><\/h3>\n<p><span style=\"font-weight: 400;\">Avant de commencer toute activit\u00e9 intrusive, il est recommand\u00e9 d&#8217;effectuer une recherche documentaire pour d\u00e9terminer si le risque de rencontrer des munitions non explos\u00e9es peut \u00eatre infirm\u00e9 ou confirm\u00e9. DEMINETEC-ECG \u00e9tudie diverses sources d&#8217;informations pour d\u00e9terminer si le site de votre projet a \u00e9t\u00e9 soumis \u00e0 des faits de guerre. Si ces faits sont confirm\u00e9s, une \u00e9valuation est effectu\u00e9e pour d\u00e9terminer s\u2019ils peuvent avoir entra\u00een\u00e9 une contamination par munitions non-explos\u00e9es (UXO).<\/span><\/p>\n<p><span style=\"font-weight: 400;\">Notre \u00e9quipe d&#8217;historiens \u00e9tudie des sources pertinentes telles que la litt\u00e9rature, les photographies a\u00e9riennes de temps de guerre, les journaux de guerre, les registres officiels des unit\u00e9s, les rapports de vol des forces a\u00e9riennes, les rapports d&#8217;intervention des services de neutralisation des explosifs et munitions et bien plus encore. Lorsqu&#8217;il est d\u00e9termin\u00e9 qu&#8217;il y a des raisons de croire que le site a \u00e9t\u00e9 soumis \u00e0 une quelconque action pendant la guerre, notre \u00e9quipe \u00e9tablira alors quelles typologies d\u2019UXO pourraient encore \u00eatre pr\u00e9sentes et dans quelles mesures la pollution peut \u00eatre caract\u00e9ris\u00e9e.<\/span><\/p>\n<p><span style=\"font-weight: 400;\"><\/span><\/p>\n<h3><strong>Livrables<\/strong><\/h3>\n<p>Les r\u00e9sultats de nos recherches seront rapport\u00e9s et accompagn\u00e9s d&#8217;une carte de pollution UXO. En cas de suspicion de contamination par UXO, DEMINETEC-ECG vous informera des typologies de munitions susceptibles d&#8217;\u00eatre rencontr\u00e9es, jusqu\u2019\u00e0 quelles profondeurs elles peuvent \u00eatre retrouv\u00e9es et quelles mesures suppl\u00e9mentaires peuvent \u00eatre prises. Si aucune indication de pr\u00e9sence d&#8217;UXO n&#8217;a pu \u00eatre trouv\u00e9e, vous pourrez proc\u00e9der \u00e0 vos travaux en toute s\u00e9curit\u00e9 sans autre mesure compl\u00e9mentaire.<\/p>\n<p>[\/et_pb_text][\/et_pb_column][\/et_pb_row][\/et_pb_section][et_pb_section fb_built=&#8221;1&#8243; make_equal=&#8221;on&#8221; use_custom_gutter=&#8221;on&#8221; gutter_width=&#8221;1&#8243; specialty=&#8221;on&#8221; padding_top_1=&#8221;0px&#8221; admin_label=&#8221;Work Section&#8221; _builder_version=&#8221;3.22&#8243; custom_padding=&#8221;7px||1px|||&#8221; locked=&#8221;off&#8221;][et_pb_column type=&#8221;1_2&#8243; _builder_version=&#8221;3.25&#8243; custom_padding=&#8221;|||&#8221; padding_top__hover=&#8221;0px&#8221; parallax__hover=&#8221;off&#8221; parallax_method__hover=&#8221;on&#8221; custom_padding__hover=&#8221;|||&#8221;][et_pb_image src=&#8221;https:\/\/deminetec-ecg.com\/wp-content\/uploads\/2021\/04\/Afbakening_voorbeeld-e1618489294603.jpg&#8221; show_in_lightbox=&#8221;on&#8221; align_tablet=&#8221;center&#8221; align_phone=&#8221;&#8221; align_last_edited=&#8221;on|desktop&#8221; _builder_version=&#8221;4.9.2&#8243; animation_style=&#8221;flip&#8221; box_shadow_style=&#8221;preset7&#8243; box_shadow_horizontal=&#8221;0px&#8221; box_shadow_vertical=&#8221;0px&#8221; box_shadow_spread=&#8221;10px&#8221; box_shadow_color=&#8221;#ffffff&#8221;][\/et_pb_image][\/et_pb_column][et_pb_column type=&#8221;1_2&#8243; specialty_columns=&#8221;2&#8243; _builder_version=&#8221;3.25&#8243; custom_padding=&#8221;|||&#8221; parallax__hover=&#8221;off&#8221; parallax_method__hover=&#8221;on&#8221; custom_padding__hover=&#8221;|||&#8221;][et_pb_row_inner _builder_version=&#8221;3.25&#8243; custom_padding=&#8221;0px||0px|&#8221;][et_pb_column_inner saved_specialty_column_type=&#8221;1_2&#8243; _builder_version=&#8221;3.25&#8243; custom_padding=&#8221;|||&#8221; parallax__hover=&#8221;off&#8221; parallax_method__hover=&#8221;on&#8221; custom_padding__hover=&#8221;|||&#8221;][et_pb_image src=&#8221;https:\/\/deminetec-ecg.com\/wp-content\/uploads\/2021\/04\/Buggenum-3D-3-1-e1618491098848.jpg&#8221; show_in_lightbox=&#8221;on&#8221; align_tablet=&#8221;center&#8221; align_phone=&#8221;&#8221; align_last_edited=&#8221;on|desktop&#8221; _builder_version=&#8221;4.9.4&#8243; animation_style=&#8221;flip&#8221; animation_direction=&#8221;right&#8221; box_shadow_style=&#8221;preset7&#8243; box_shadow_horizontal=&#8221;0px&#8221; box_shadow_vertical=&#8221;0px&#8221; box_shadow_spread=&#8221;10px&#8221; box_shadow_color=&#8221;#ffffff&#8221;][\/et_pb_image][\/et_pb_column_inner][\/et_pb_row_inner][et_pb_row_inner column_structure=&#8221;1_2,1_2&#8243; _builder_version=&#8221;4.9.2&#8243; custom_padding=&#8221;0px||0px|&#8221;][et_pb_column_inner type=&#8221;1_2&#8243; saved_specialty_column_type=&#8221;1_2&#8243; _builder_version=&#8221;3.25&#8243; custom_padding=&#8221;|||&#8221; parallax__hover=&#8221;off&#8221; parallax_method__hover=&#8221;on&#8221; custom_padding__hover=&#8221;|||&#8221;][et_pb_image src=&#8221;https:\/\/deminetec-ecg.com\/wp-content\/uploads\/2021\/04\/Stock1-scaled-e1618489492305.jpeg&#8221; show_in_lightbox=&#8221;on&#8221; align_tablet=&#8221;center&#8221; align_phone=&#8221;&#8221; align_last_edited=&#8221;on|desktop&#8221; _builder_version=&#8221;4.9.4&#8243; animation_style=&#8221;flip&#8221; animation_direction=&#8221;right&#8221; box_shadow_style=&#8221;preset7&#8243; box_shadow_horizontal=&#8221;0px&#8221; box_shadow_vertical=&#8221;0px&#8221; box_shadow_spread=&#8221;10px&#8221; box_shadow_color=&#8221;#ffffff&#8221;][\/et_pb_image][\/et_pb_column_inner][et_pb_column_inner type=&#8221;1_2&#8243; saved_specialty_column_type=&#8221;1_2&#8243; _builder_version=&#8221;3.25&#8243; custom_padding=&#8221;|||&#8221; parallax__hover=&#8221;off&#8221; parallax_method__hover=&#8221;on&#8221; custom_padding__hover=&#8221;|||&#8221;][et_pb_image src=&#8221;https:\/\/deminetec-ecg.com\/wp-content\/uploads\/2021\/04\/Poelcapelle-kopie.jpg&#8221; show_in_lightbox=&#8221;on&#8221; align_tablet=&#8221;center&#8221; align_phone=&#8221;&#8221; align_last_edited=&#8221;on|desktop&#8221; _builder_version=&#8221;4.9.2&#8243; animation_style=&#8221;flip&#8221; animation_direction=&#8221;right&#8221; box_shadow_style=&#8221;preset7&#8243; box_shadow_horizontal=&#8221;0px&#8221; box_shadow_vertical=&#8221;0px&#8221; box_shadow_spread=&#8221;10px&#8221; box_shadow_color=&#8221;#ffffff&#8221;][\/et_pb_image][\/et_pb_column_inner][\/et_pb_row_inner][\/et_pb_column][\/et_pb_section][et_pb_section fb_built=&#8221;1&#8243; fullwidth=&#8221;on&#8221; admin_label=&#8221;Sectie&#8221; _builder_version=&#8221;4.9.2&#8243; _module_preset=&#8221;default&#8221; background_image=&#8221;https:\/\/deminetec-ecg.com\/wp-content\/uploads\/2021\/03\/ERW-scaled.jpg&#8221; parallax=&#8221;on&#8221; filter_saturate=&#8221;10%&#8221;][et_pb_fullwidth_header title=&#8221;Besoin d\u2019en savoir plus ou une demande de devis?&#8221; text_orientation=&#8221;center&#8221; button_one_text=&#8221;Contact&#8221; button_one_url=&#8221;https:\/\/deminetec-ecg.com\/fr\/contact\/&#8221; background_overlay_color=&#8221;RGBA(0,0,0,0)&#8221; _builder_version=&#8221;4.9.4&#8243; _module_preset=&#8221;default&#8221; title_level=&#8221;h2&#8243; title_font=&#8221;|700|||||||&#8221; title_font_size=&#8221;29px&#8221; background_enable_color=&#8221;off&#8221; background_enable_image=&#8221;off&#8221; background_blend=&#8221;hue&#8221; custom_button_one=&#8221;on&#8221; button_one_text_color=&#8221;#000000&#8243; button_one_bg_color=&#8221;#FFFFFF&#8221; button_one_border_width=&#8221;3px&#8221; button_one_border_color=&#8221;#FFFFFF&#8221; button_one_border_radius=&#8221;100px&#8221; button_one_letter_spacing=&#8221;2px&#8221; button_one_font=&#8221;Montserrat|on||on|&#8221; button_one_icon=&#8221;%%36%%&#8221; button_one_icon_color=&#8221;#000000&#8243; button_one_custom_margin=&#8221;|||10px|false|false&#8221; button_one_custom_margin_tablet=&#8221;|||10px|false|false&#8221; button_one_custom_margin_phone=&#8221;|||10px|false|false&#8221; button_one_custom_margin_last_edited=&#8221;on|desktop&#8221; child_filter_saturate=&#8221;163%&#8221; link_option_url=&#8221;https:\/\/deminetec-ecg.com\/contact\/&#8221; link_option_url_new_window=&#8221;on&#8221; hover_enabled=&#8221;0&#8243; text_shadow_style=&#8221;preset5&#8243; button_one_text_color__hover=&#8221;#000000&#8243; button_one_text_color__hover_enabled=&#8221;on|hover&#8221; button_one_bg_color__hover=&#8221;#FFFFFF&#8221; button_one_bg_color__hover_enabled=&#8221;on|hover&#8221; button_one_border_color__hover=&#8221;#ffffff&#8221; button_one_border_color__hover_enabled=&#8221;on|desktop&#8221; button_one_letter_spacing__hover=&#8221;2px&#8221; button_one_letter_spacing__hover_enabled=&#8221;on&#8221; button_one_bg_enable_color__hover=&#8221;on&#8221; sticky_enabled=&#8221;0&#8243;][\/et_pb_fullwidth_header][\/et_pb_section]<\/p>\n","protected":false},"excerpt":{"rendered":"<p>[et_pb_section fb_built=&#8221;1&#8243; admin_label=&#8221;Hero&#8221; _builder_version=&#8221;4.9.0&#8243; background_color=&#8221;#5A8E9B&#8221; background_enable_image=&#8221;off&#8221; min_height=&#8221;303.4px&#8221; custom_padding=&#8221;21px|||||&#8221; animation_style=&#8221;zoom&#8221; animation_intensity_zoom=&#8221;4%&#8221;][et_pb_row _builder_version=&#8221;3.25&#8243; background_size=&#8221;initial&#8221; background_position=&#8221;top_left&#8221; background_repeat=&#8221;repeat&#8221; min_height=&#8221;199.4px&#8221; custom_margin=&#8221;|auto|30px|auto||&#8221; custom_padding=&#8221;||7px|||&#8221; animation_style=&#8221;slide&#8221; animation_direction=&#8221;top&#8221; animation_intensity_slide=&#8221;3%&#8221;][et_pb_column type=&#8221;4_4&#8243; _builder_version=&#8221;3.25&#8243; custom_padding=&#8221;|||&#8221; custom_padding__hover=&#8221;|||&#8221;][et_pb_text _builder_version=&#8221;4.9.2&#8243; text_font=&#8221;||||||||&#8221; header_font=&#8221;Montserrat|700||on|||||&#8221; header_text_color=&#8221;#353740&#8243; header_font_size=&#8221;60px&#8221; header_line_height=&#8221;1.3em&#8221; background_size=&#8221;initial&#8221; background_position=&#8221;top_left&#8221; background_repeat=&#8221;repeat&#8221; custom_margin=&#8221;|||&#8221; custom_padding=&#8221;9px||3px|||&#8221; animation_style=&#8221;fade&#8221; header_font_size_tablet=&#8221;50px&#8221; header_font_size_phone=&#8221;30px&#8221; header_font_size_last_edited=&#8221;on|desktop&#8221; locked=&#8221;off&#8221;] Recherche historique [\/et_pb_text][\/et_pb_column][\/et_pb_row][\/et_pb_section][et_pb_section fb_built=&#8221;1&#8243; admin_label=&#8221;Case Study Text&#8221; _builder_version=&#8221;3.22&#8243; min_height=&#8221;252.1px&#8221; custom_margin=&#8221;-97px||1px|||&#8221; custom_padding=&#8221;40px||0px|||&#8221;][et_pb_row _builder_version=&#8221;4.9.0&#8243; _module_preset=&#8221;default&#8221; min_height=&#8221;222.8px&#8221; custom_margin=&#8221;0px|auto||auto||&#8221;][et_pb_column [&hellip;]<\/p>\n","protected":false},"author":1,"featured_media":0,"parent":0,"menu_order":0,"comment_status":"closed","ping_status":"closed","template":"","meta":{"_et_pb_use_builder":"on","_et_pb_old_content":"","_et_gb_content_width":"","footnotes":""},"class_list":["post-2972","page","type-page","status-publish","hentry"],"yoast_head":"<!-- This site is optimized with the Yoast SEO plugin v23.3 - https:\/\/yoast.com\/wordpress\/plugins\/seo\/ -->\n<title>Recherche historique - Deminetec-ECG<\/title>\n<meta name=\"robots\" content=\"index, follow, max-snippet:-1, max-image-preview:large, max-video-preview:-1\" \/>\n<link rel=\"canonical\" href=\"https:\/\/deminetec-ecg.com\/fr\/recherche-historique\/\" \/>\n<meta property=\"og:locale\" content=\"fr_FR\" \/>\n<meta property=\"og:type\" content=\"article\" \/>\n<meta property=\"og:title\" content=\"Recherche historique - Deminetec-ECG\" \/>\n<meta property=\"og:description\" content=\"[et_pb_section fb_built=&#8221;1&#8243; admin_label=&#8221;Hero&#8221; _builder_version=&#8221;4.9.0&#8243; background_color=&#8221;#5A8E9B&#8221; background_enable_image=&#8221;off&#8221; min_height=&#8221;303.4px&#8221; custom_padding=&#8221;21px|||||&#8221; animation_style=&#8221;zoom&#8221; animation_intensity_zoom=&#8221;4%&#8221;][et_pb_row _builder_version=&#8221;3.25&#8243; background_size=&#8221;initial&#8221; background_position=&#8221;top_left&#8221; background_repeat=&#8221;repeat&#8221; min_height=&#8221;199.4px&#8221; custom_margin=&#8221;|auto|30px|auto||&#8221; custom_padding=&#8221;||7px|||&#8221; animation_style=&#8221;slide&#8221; animation_direction=&#8221;top&#8221; animation_intensity_slide=&#8221;3%&#8221;][et_pb_column type=&#8221;4_4&#8243; _builder_version=&#8221;3.25&#8243; custom_padding=&#8221;|||&#8221; custom_padding__hover=&#8221;|||&#8221;][et_pb_text _builder_version=&#8221;4.9.2&#8243; text_font=&#8221;||||||||&#8221; header_font=&#8221;Montserrat|700||on|||||&#8221; header_text_color=&#8221;#353740&#8243; header_font_size=&#8221;60px&#8221; header_line_height=&#8221;1.3em&#8221; background_size=&#8221;initial&#8221; background_position=&#8221;top_left&#8221; background_repeat=&#8221;repeat&#8221; custom_margin=&#8221;|||&#8221; custom_padding=&#8221;9px||3px|||&#8221; animation_style=&#8221;fade&#8221; header_font_size_tablet=&#8221;50px&#8221; header_font_size_phone=&#8221;30px&#8221; header_font_size_last_edited=&#8221;on|desktop&#8221; locked=&#8221;off&#8221;] Recherche historique [\/et_pb_text][\/et_pb_column][\/et_pb_row][\/et_pb_section][et_pb_section fb_built=&#8221;1&#8243; admin_label=&#8221;Case Study Text&#8221; _builder_version=&#8221;3.22&#8243; min_height=&#8221;252.1px&#8221; custom_margin=&#8221;-97px||1px|||&#8221; custom_padding=&#8221;40px||0px|||&#8221;][et_pb_row _builder_version=&#8221;4.9.0&#8243; _module_preset=&#8221;default&#8221; min_height=&#8221;222.8px&#8221; custom_margin=&#8221;0px|auto||auto||&#8221;][et_pb_column [&hellip;]\" \/>\n<meta property=\"og:url\" content=\"https:\/\/deminetec-ecg.com\/fr\/recherche-historique\/\" \/>\n<meta property=\"og:site_name\" content=\"Deminetec-ECG\" \/>\n<meta property=\"article:publisher\" content=\"https:\/\/www.facebook.com\/deminetec\/\" \/>\n<meta property=\"article:modified_time\" content=\"2021-06-04T09:55:59+00:00\" \/>\n<meta property=\"og:image\" content=\"https:\/\/deminetec-ecg.com\/wp-content\/uploads\/2021\/02\/d-ecg_blue2.jpg\" \/>\n\t<meta property=\"og:image:width\" content=\"1000\" \/>\n\t<meta property=\"og:image:height\" content=\"300\" \/>\n\t<meta property=\"og:image:type\" content=\"image\/jpeg\" \/>\n<meta name=\"twitter:card\" content=\"summary_large_image\" \/>\n<meta name=\"twitter:label1\" content=\"Dur\u00e9e de lecture estim\u00e9e\" \/>\n\t<meta name=\"twitter:data1\" content=\"6 minutes\" \/>\n<script type=\"application\/ld+json\" class=\"yoast-schema-graph\">{\"@context\":\"https:\/\/schema.org\",\"@graph\":[{\"@type\":\"WebPage\",\"@id\":\"https:\/\/deminetec-ecg.com\/fr\/recherche-historique\/\",\"url\":\"https:\/\/deminetec-ecg.com\/fr\/recherche-historique\/\",\"name\":\"Recherche historique - Deminetec-ECG\",\"isPartOf\":{\"@id\":\"https:\/\/deminetec-ecg.com\/#website\"},\"datePublished\":\"2021-06-03T14:37:17+00:00\",\"dateModified\":\"2021-06-04T09:55:59+00:00\",\"breadcrumb\":{\"@id\":\"https:\/\/deminetec-ecg.com\/fr\/recherche-historique\/#breadcrumb\"},\"inLanguage\":\"fr-FR\",\"potentialAction\":[{\"@type\":\"ReadAction\",\"target\":[\"https:\/\/deminetec-ecg.com\/fr\/recherche-historique\/\"]}]},{\"@type\":\"BreadcrumbList\",\"@id\":\"https:\/\/deminetec-ecg.com\/fr\/recherche-historique\/#breadcrumb\",\"itemListElement\":[{\"@type\":\"ListItem\",\"position\":1,\"name\":\"Home\",\"item\":\"https:\/\/deminetec-ecg.com\/fr\/\"},{\"@type\":\"ListItem\",\"position\":2,\"name\":\"Recherche historique\"}]},{\"@type\":\"WebSite\",\"@id\":\"https:\/\/deminetec-ecg.com\/#website\",\"url\":\"https:\/\/deminetec-ecg.com\/\",\"name\":\"Deminetec-ECG\",\"description\":\"Just another WordPress site\",\"publisher\":{\"@id\":\"https:\/\/deminetec-ecg.com\/#organization\"},\"potentialAction\":[{\"@type\":\"SearchAction\",\"target\":{\"@type\":\"EntryPoint\",\"urlTemplate\":\"https:\/\/deminetec-ecg.com\/?s={search_term_string}\"},\"query-input\":\"required name=search_term_string\"}],\"inLanguage\":\"fr-FR\"},{\"@type\":\"Organization\",\"@id\":\"https:\/\/deminetec-ecg.com\/#organization\",\"name\":\"Deminetec ECG\",\"url\":\"https:\/\/deminetec-ecg.com\/\",\"logo\":{\"@type\":\"ImageObject\",\"inLanguage\":\"fr-FR\",\"@id\":\"https:\/\/deminetec-ecg.com\/#\/schema\/logo\/image\/\",\"url\":\"https:\/\/deminetec-ecg.com\/wp-content\/uploads\/2021\/03\/d-ecg_blue1-removebg-preview.png\",\"contentUrl\":\"https:\/\/deminetec-ecg.com\/wp-content\/uploads\/2021\/03\/d-ecg_blue1-removebg-preview.png\",\"width\":500,\"height\":500,\"caption\":\"Deminetec ECG\"},\"image\":{\"@id\":\"https:\/\/deminetec-ecg.com\/#\/schema\/logo\/image\/\"},\"sameAs\":[\"https:\/\/www.facebook.com\/deminetec\/\"]}]}<\/script>\n<!-- \/ Yoast SEO plugin. -->","yoast_head_json":{"title":"Recherche historique - Deminetec-ECG","robots":{"index":"index","follow":"follow","max-snippet":"max-snippet:-1","max-image-preview":"max-image-preview:large","max-video-preview":"max-video-preview:-1"},"canonical":"https:\/\/deminetec-ecg.com\/fr\/recherche-historique\/","og_locale":"fr_FR","og_type":"article","og_title":"Recherche historique - Deminetec-ECG","og_description":"[et_pb_section fb_built=&#8221;1&#8243; admin_label=&#8221;Hero&#8221; _builder_version=&#8221;4.9.0&#8243; background_color=&#8221;#5A8E9B&#8221; background_enable_image=&#8221;off&#8221; min_height=&#8221;303.4px&#8221; custom_padding=&#8221;21px|||||&#8221; animation_style=&#8221;zoom&#8221; animation_intensity_zoom=&#8221;4%&#8221;][et_pb_row _builder_version=&#8221;3.25&#8243; background_size=&#8221;initial&#8221; background_position=&#8221;top_left&#8221; background_repeat=&#8221;repeat&#8221; min_height=&#8221;199.4px&#8221; custom_margin=&#8221;|auto|30px|auto||&#8221; custom_padding=&#8221;||7px|||&#8221; animation_style=&#8221;slide&#8221; animation_direction=&#8221;top&#8221; animation_intensity_slide=&#8221;3%&#8221;][et_pb_column type=&#8221;4_4&#8243; _builder_version=&#8221;3.25&#8243; custom_padding=&#8221;|||&#8221; custom_padding__hover=&#8221;|||&#8221;][et_pb_text _builder_version=&#8221;4.9.2&#8243; text_font=&#8221;||||||||&#8221; header_font=&#8221;Montserrat|700||on|||||&#8221; header_text_color=&#8221;#353740&#8243; header_font_size=&#8221;60px&#8221; header_line_height=&#8221;1.3em&#8221; background_size=&#8221;initial&#8221; background_position=&#8221;top_left&#8221; background_repeat=&#8221;repeat&#8221; custom_margin=&#8221;|||&#8221; custom_padding=&#8221;9px||3px|||&#8221; animation_style=&#8221;fade&#8221; header_font_size_tablet=&#8221;50px&#8221; header_font_size_phone=&#8221;30px&#8221; header_font_size_last_edited=&#8221;on|desktop&#8221; locked=&#8221;off&#8221;] Recherche historique [\/et_pb_text][\/et_pb_column][\/et_pb_row][\/et_pb_section][et_pb_section fb_built=&#8221;1&#8243; admin_label=&#8221;Case Study Text&#8221; _builder_version=&#8221;3.22&#8243; min_height=&#8221;252.1px&#8221; custom_margin=&#8221;-97px||1px|||&#8221; custom_padding=&#8221;40px||0px|||&#8221;][et_pb_row _builder_version=&#8221;4.9.0&#8243; _module_preset=&#8221;default&#8221; min_height=&#8221;222.8px&#8221; custom_margin=&#8221;0px|auto||auto||&#8221;][et_pb_column [&hellip;]","og_url":"https:\/\/deminetec-ecg.com\/fr\/recherche-historique\/","og_site_name":"Deminetec-ECG","article_publisher":"https:\/\/www.facebook.com\/deminetec\/","article_modified_time":"2021-06-04T09:55:59+00:00","og_image":[{"width":1000,"height":300,"url":"https:\/\/deminetec-ecg.com\/wp-content\/uploads\/2021\/02\/d-ecg_blue2.jpg","type":"image\/jpeg"}],"twitter_card":"summary_large_image","twitter_misc":{"Dur\u00e9e de lecture estim\u00e9e":"6 minutes"},"schema":{"@context":"https:\/\/schema.org","@graph":[{"@type":"WebPage","@id":"https:\/\/deminetec-ecg.com\/fr\/recherche-historique\/","url":"https:\/\/deminetec-ecg.com\/fr\/recherche-historique\/","name":"Recherche historique - Deminetec-ECG","isPartOf":{"@id":"https:\/\/deminetec-ecg.com\/#website"},"datePublished":"2021-06-03T14:37:17+00:00","dateModified":"2021-06-04T09:55:59+00:00","breadcrumb":{"@id":"https:\/\/deminetec-ecg.com\/fr\/recherche-historique\/#breadcrumb"},"inLanguage":"fr-FR","potentialAction":[{"@type":"ReadAction","target":["https:\/\/deminetec-ecg.com\/fr\/recherche-historique\/"]}]},{"@type":"BreadcrumbList","@id":"https:\/\/deminetec-ecg.com\/fr\/recherche-historique\/#breadcrumb","itemListElement":[{"@type":"ListItem","position":1,"name":"Home","item":"https:\/\/deminetec-ecg.com\/fr\/"},{"@type":"ListItem","position":2,"name":"Recherche historique"}]},{"@type":"WebSite","@id":"https:\/\/deminetec-ecg.com\/#website","url":"https:\/\/deminetec-ecg.com\/","name":"Deminetec-ECG","description":"Just another WordPress site","publisher":{"@id":"https:\/\/deminetec-ecg.com\/#organization"},"potentialAction":[{"@type":"SearchAction","target":{"@type":"EntryPoint","urlTemplate":"https:\/\/deminetec-ecg.com\/?s={search_term_string}"},"query-input":"required name=search_term_string"}],"inLanguage":"fr-FR"},{"@type":"Organization","@id":"https:\/\/deminetec-ecg.com\/#organization","name":"Deminetec ECG","url":"https:\/\/deminetec-ecg.com\/","logo":{"@type":"ImageObject","inLanguage":"fr-FR","@id":"https:\/\/deminetec-ecg.com\/#\/schema\/logo\/image\/","url":"https:\/\/deminetec-ecg.com\/wp-content\/uploads\/2021\/03\/d-ecg_blue1-removebg-preview.png","contentUrl":"https:\/\/deminetec-ecg.com\/wp-content\/uploads\/2021\/03\/d-ecg_blue1-removebg-preview.png","width":500,"height":500,"caption":"Deminetec ECG"},"image":{"@id":"https:\/\/deminetec-ecg.com\/#\/schema\/logo\/image\/"},"sameAs":["https:\/\/www.facebook.com\/deminetec\/"]}]}},"_links":{"self":[{"href":"https:\/\/deminetec-ecg.com\/fr\/wp-json\/wp\/v2\/pages\/2972","targetHints":{"allow":["GET"]}}],"collection":[{"href":"https:\/\/deminetec-ecg.com\/fr\/wp-json\/wp\/v2\/pages"}],"about":[{"href":"https:\/\/deminetec-ecg.com\/fr\/wp-json\/wp\/v2\/types\/page"}],"author":[{"embeddable":true,"href":"https:\/\/deminetec-ecg.com\/fr\/wp-json\/wp\/v2\/users\/1"}],"replies":[{"embeddable":true,"href":"https:\/\/deminetec-ecg.com\/fr\/wp-json\/wp\/v2\/comments?post=2972"}],"version-history":[{"count":3,"href":"https:\/\/deminetec-ecg.com\/fr\/wp-json\/wp\/v2\/pages\/2972\/revisions"}],"predecessor-version":[{"id":3106,"href":"https:\/\/deminetec-ecg.com\/fr\/wp-json\/wp\/v2\/pages\/2972\/revisions\/3106"}],"wp:attachment":[{"href":"https:\/\/deminetec-ecg.com\/fr\/wp-json\/wp\/v2\/media?parent=2972"}],"curies":[{"name":"wp","href":"https:\/\/api.w.org\/{rel}","templated":true}]}}