{"id":2969,"date":"2021-06-03T14:34:49","date_gmt":"2021-06-03T14:34:49","guid":{"rendered":"https:\/\/deminetec-ecg.com\/recuperation-depave-davion-a-echt-susteren\/"},"modified":"2021-06-04T10:45:17","modified_gmt":"2021-06-04T10:45:17","slug":"recuperation-depave-davion-a-echt-susteren","status":"publish","type":"page","link":"https:\/\/deminetec-ecg.com\/fr\/recuperation-depave-davion-a-echt-susteren\/","title":{"rendered":"R\u00e9cup\u00e9ration d\u2019\u00e9pave d\u2019avion \u00e0 Echt-Susteren"},"content":{"rendered":"<p>[et_pb_section fb_built=&#8221;1&#8243; admin_label=&#8221;Hero&#8221; _builder_version=&#8221;4.9.0&#8243; background_color=&#8221;#5A8E9B&#8221; background_enable_image=&#8221;off&#8221; custom_margin=&#8221;||-1px|||&#8221; custom_padding=&#8221;||21px|||&#8221; animation_style=&#8221;zoom&#8221; animation_intensity_zoom=&#8221;4%&#8221;][et_pb_row _builder_version=&#8221;3.25&#8243; background_size=&#8221;initial&#8221; background_position=&#8221;top_left&#8221; background_repeat=&#8221;repeat&#8221; min_height=&#8221;203px&#8221; custom_padding=&#8221;5px|||||&#8221; animation_style=&#8221;slide&#8221; animation_direction=&#8221;top&#8221; animation_intensity_slide=&#8221;3%&#8221;][et_pb_column type=&#8221;4_4&#8243; _builder_version=&#8221;3.25&#8243; custom_padding=&#8221;|||&#8221; custom_padding__hover=&#8221;|||&#8221;][et_pb_text _builder_version=&#8221;4.9.2&#8243; text_font=&#8221;Montserrat|500||on|||||&#8221; text_text_color=&#8221;#FFFFFF&#8221; text_font_size=&#8221;16px&#8221; text_letter_spacing=&#8221;3px&#8221; background_size=&#8221;initial&#8221; background_position=&#8221;top_left&#8221; background_repeat=&#8221;repeat&#8221; custom_margin=&#8221;||45px|&#8221; animation_style=&#8221;slide&#8221; animation_direction=&#8221;bottom&#8221; locked=&#8221;off&#8221;]<\/p>\n<p>Projets<\/p>\n<p>[\/et_pb_text][et_pb_text _builder_version=&#8221;4.9.2&#8243; text_font=&#8221;||||||||&#8221; header_font=&#8221;Montserrat|700||on|||||&#8221; header_text_color=&#8221;#353740&#8243; header_font_size=&#8221;60px&#8221; header_line_height=&#8221;1.3em&#8221; background_size=&#8221;initial&#8221; background_position=&#8221;top_left&#8221; background_repeat=&#8221;repeat&#8221; custom_margin=&#8221;|||&#8221; animation_style=&#8221;fade&#8221; header_font_size_tablet=&#8221;50px&#8221; header_font_size_phone=&#8221;30px&#8221; header_font_size_last_edited=&#8221;on|desktop&#8221; locked=&#8221;off&#8221;]<\/p>\n<h1><span style=\"color: #ffffff;\">R\u00e9cup\u00e9ration d\u2019\u00e9pave d\u2019avion \u00e0 Echt-Susteren<\/span><\/h1>\n<p>[\/et_pb_text][\/et_pb_column][\/et_pb_row][\/et_pb_section][et_pb_section fb_built=&#8221;1&#8243; admin_label=&#8221;Case Study Text&#8221; _builder_version=&#8221;3.22&#8243; custom_margin=&#8221;-13px||1px|||&#8221; custom_padding=&#8221;5px||27px|||&#8221;][et_pb_row _builder_version=&#8221;4.9.0&#8243; _module_preset=&#8221;default&#8221;][et_pb_column type=&#8221;4_4&#8243; _builder_version=&#8221;4.9.0&#8243; _module_preset=&#8221;default&#8221;][et_pb_text _builder_version=&#8221;4.9.2&#8243; _module_preset=&#8221;default&#8221;]<\/p>\n<p>Au cours des mois de septembre et octobre 2019, ECG a \u00e9t\u00e9 charg\u00e9 de r\u00e9cup\u00e9rer une \u00e9pave d&#8217;avion de la Seconde Guerre mondiale pr\u00e8s de la ville n\u00e9erlandaise d&#8217;Echt-Susteren. Une mission tr\u00e8s sp\u00e9ciale, en raison de la possibilit\u00e9 de d\u00e9couverte de restes de membres d&#8217;\u00e9quipage disparus dans l&#8217;\u00e9pave. Cette t\u00e2che a \u00e9t\u00e9 commandit\u00e9e par le programme national n\u00e9erlandais de r\u00e9cup\u00e9ration des avions qui vise \u00e0 donner aux membres d&#8217;\u00e9quipage manquants des avions de la Seconde Guerre mondiale un lieu de repos final convenable et honorable.<\/p>\n<p>L&#8217;avion en question \u00e9tait le Short Stirling W7630 MGM-M. Cet avion s&#8217;est \u00e9cras\u00e9 dans un champ pr\u00e8s de la ville n\u00e9erlandaise d&#8217;Echt en 1942. L&#8217;avion \u00e9tait en route pour D\u00fcsseldorf pour une mission de bombardement lorsqu&#8217;il a \u00e9t\u00e9 touch\u00e9 par des tirs antia\u00e9riens allemands. Il s&#8217;est \u00e9cras\u00e9 dans un champ pr\u00e8s d&#8217;une abbaye. Deux membres d&#8217;\u00e9quipage ont r\u00e9ussi \u00e0 s&#8217;\u00e9chapper de l&#8217;avion et l&#8217;un d&#8217;eux a surv\u00e9cu \u00e0 la guerre. Les quatre autres membres d&#8217;\u00e9quipage sont port\u00e9s disparus.<\/p>\n<p>Le site de l&#8217;accident a \u00e9t\u00e9 scann\u00e9 \u00e0 la recherche d&#8217;objets m\u00e9talliques au moyen d&#8217;une \u00e9tude g\u00e9ophysique du sous-sol. Dans le cadre des travaux \u00e0 mener sur le site, le sol a \u00e9t\u00e9 cribl\u00e9 afin de pouvoir r\u00e9cup\u00e9rer les plus petits \u00e9l\u00e9ments.<\/p>\n<p>Le grand public a eu acc\u00e8s au site lors d\u2019une journ\u00e9e sp\u00e9ciale de visite. Le site du crash a attir\u00e9 des milliers de visiteurs enthousiastes et int\u00e9ress\u00e9s.<\/p>\n<p>[\/et_pb_text][\/et_pb_column][\/et_pb_row][\/et_pb_section][et_pb_section fb_built=&#8221;1&#8243; _builder_version=&#8221;4.9.2&#8243; _module_preset=&#8221;default&#8221; min_height=&#8221;558.3px&#8221; custom_margin=&#8221;-31px||-65px|||&#8221; custom_padding=&#8221;0px||0px|||&#8221;][et_pb_row column_structure=&#8221;1_2,1_2&#8243; _builder_version=&#8221;4.9.2&#8243; _module_preset=&#8221;default&#8221; min_height=&#8221;618.3px&#8221; custom_padding=&#8221;18px|||||&#8221;][et_pb_column type=&#8221;1_2&#8243; _builder_version=&#8221;4.9.2&#8243; _module_preset=&#8221;default&#8221;][et_pb_image src=&#8221;https:\/\/deminetec-ecg.com\/wp-content\/uploads\/2021\/04\/Selectie-25-scaled-e1617963032663.jpg&#8221; show_in_lightbox=&#8221;on&#8221; _builder_version=&#8221;4.9.2&#8243; _module_preset=&#8221;default&#8221; width=&#8221;100%&#8221; custom_margin=&#8221;|-128px||||&#8221; custom_padding=&#8221;|0px||||&#8221; animation_style=&#8221;flip&#8221;][\/et_pb_image][\/et_pb_column][et_pb_column type=&#8221;1_2&#8243; _builder_version=&#8221;4.9.2&#8243; _module_preset=&#8221;default&#8221;][et_pb_image src=&#8221;https:\/\/deminetec-ecg.com\/wp-content\/uploads\/2021\/04\/IMG_9688-scaled-e1617963083192.jpg&#8221; show_in_lightbox=&#8221;on&#8221; _builder_version=&#8221;4.9.2&#8243; _module_preset=&#8221;default&#8221; width=&#8221;100%&#8221; animation_style=&#8221;flip&#8221;][\/et_pb_image][\/et_pb_column][\/et_pb_row][et_pb_row _builder_version=&#8221;4.9.2&#8243; _module_preset=&#8221;default&#8221; animation_style=&#8221;flip&#8221;][et_pb_column type=&#8221;4_4&#8243; _builder_version=&#8221;4.9.2&#8243; _module_preset=&#8221;default&#8221;][et_pb_image src=&#8221;https:\/\/deminetec-ecg.com\/wp-content\/uploads\/2021\/04\/Bergingssite-scaled.jpg&#8221; show_in_lightbox=&#8221;on&#8221; _builder_version=&#8221;4.9.2&#8243; _module_preset=&#8221;default&#8221; custom_margin=&#8221;-92px|||||&#8221; animation_style=&#8221;flip&#8221;][\/et_pb_image][\/et_pb_column][\/et_pb_row][\/et_pb_section][et_pb_section fb_built=&#8221;1&#8243; fullwidth=&#8221;on&#8221; _builder_version=&#8221;4.9.2&#8243; _module_preset=&#8221;default&#8221; background_image=&#8221;https:\/\/deminetec-ecg.com\/wp-content\/uploads\/2021\/03\/ERW-scaled.jpg&#8221; parallax=&#8221;on&#8221; filter_saturate=&#8221;10%&#8221;][et_pb_fullwidth_header title=&#8221;Besoin d\u2019en savoir plus ou une demande de devis?&#8221; text_orientation=&#8221;center&#8221; button_one_text=&#8221;Contact&#8221; button_one_url=&#8221;https:\/\/deminetec-ecg.com\/fr\/contact\/&#8221; background_overlay_color=&#8221;RGBA(0,0,0,0)&#8221; _builder_version=&#8221;4.9.4&#8243; _module_preset=&#8221;default&#8221; title_level=&#8221;h2&#8243; title_font=&#8221;|700|||||||&#8221; title_font_size=&#8221;29px&#8221; background_enable_color=&#8221;off&#8221; background_enable_image=&#8221;off&#8221; background_blend=&#8221;hue&#8221; custom_button_one=&#8221;on&#8221; button_one_text_color=&#8221;#000000&#8243; button_one_bg_color=&#8221;#FFFFFF&#8221; button_one_border_width=&#8221;3px&#8221; button_one_border_color=&#8221;#FFFFFF&#8221; button_one_border_radius=&#8221;100px&#8221; button_one_letter_spacing=&#8221;2px&#8221; button_one_font=&#8221;Montserrat|on||on|&#8221; button_one_icon=&#8221;%%36%%&#8221; button_one_icon_color=&#8221;#000000&#8243; button_one_custom_margin=&#8221;|||10px|false|false&#8221; button_one_custom_margin_tablet=&#8221;|||10px|false|false&#8221; button_one_custom_margin_phone=&#8221;|||10px|false|false&#8221; button_one_custom_margin_last_edited=&#8221;on|desktop&#8221; custom_margin=&#8221;90px|||||&#8221; child_filter_saturate=&#8221;163%&#8221; link_option_url=&#8221;https:\/\/deminetec-ecg.com\/fr\/contact\/&#8221; link_option_url_new_window=&#8221;on&#8221; hover_enabled=&#8221;0&#8243; text_shadow_style=&#8221;preset5&#8243; button_one_text_color__hover=&#8221;#000000&#8243; button_one_text_color__hover_enabled=&#8221;on|hover&#8221; button_one_bg_color__hover=&#8221;#FFFFFF&#8221; button_one_bg_color__hover_enabled=&#8221;on|hover&#8221; button_one_border_color__hover=&#8221;#ffffff&#8221; button_one_border_color__hover_enabled=&#8221;on|desktop&#8221; button_one_letter_spacing__hover=&#8221;2px&#8221; button_one_letter_spacing__hover_enabled=&#8221;on&#8221; button_one_bg_enable_color__hover=&#8221;on&#8221; sticky_enabled=&#8221;0&#8243;][\/et_pb_fullwidth_header][\/et_pb_section]<\/p>\n","protected":false},"excerpt":{"rendered":"<p>[et_pb_section fb_built=&#8221;1&#8243; admin_label=&#8221;Hero&#8221; _builder_version=&#8221;4.9.0&#8243; background_color=&#8221;#5A8E9B&#8221; background_enable_image=&#8221;off&#8221; custom_margin=&#8221;||-1px|||&#8221; custom_padding=&#8221;||21px|||&#8221; animation_style=&#8221;zoom&#8221; animation_intensity_zoom=&#8221;4%&#8221;][et_pb_row _builder_version=&#8221;3.25&#8243; background_size=&#8221;initial&#8221; background_position=&#8221;top_left&#8221; background_repeat=&#8221;repeat&#8221; min_height=&#8221;203px&#8221; custom_padding=&#8221;5px|||||&#8221; animation_style=&#8221;slide&#8221; animation_direction=&#8221;top&#8221; animation_intensity_slide=&#8221;3%&#8221;][et_pb_column type=&#8221;4_4&#8243; _builder_version=&#8221;3.25&#8243; custom_padding=&#8221;|||&#8221; custom_padding__hover=&#8221;|||&#8221;][et_pb_text _builder_version=&#8221;4.9.2&#8243; text_font=&#8221;Montserrat|500||on|||||&#8221; text_text_color=&#8221;#FFFFFF&#8221; text_font_size=&#8221;16px&#8221; text_letter_spacing=&#8221;3px&#8221; background_size=&#8221;initial&#8221; background_position=&#8221;top_left&#8221; background_repeat=&#8221;repeat&#8221; custom_margin=&#8221;||45px|&#8221; animation_style=&#8221;slide&#8221; animation_direction=&#8221;bottom&#8221; locked=&#8221;off&#8221;] Projets [\/et_pb_text][et_pb_text _builder_version=&#8221;4.9.2&#8243; text_font=&#8221;||||||||&#8221; header_font=&#8221;Montserrat|700||on|||||&#8221; header_text_color=&#8221;#353740&#8243; header_font_size=&#8221;60px&#8221; header_line_height=&#8221;1.3em&#8221; background_size=&#8221;initial&#8221; background_position=&#8221;top_left&#8221; background_repeat=&#8221;repeat&#8221; custom_margin=&#8221;|||&#8221; animation_style=&#8221;fade&#8221; header_font_size_tablet=&#8221;50px&#8221; header_font_size_phone=&#8221;30px&#8221; header_font_size_last_edited=&#8221;on|desktop&#8221; locked=&#8221;off&#8221;] R\u00e9cup\u00e9ration d\u2019\u00e9pave d\u2019avion [&hellip;]<\/p>\n","protected":false},"author":3,"featured_media":0,"parent":0,"menu_order":0,"comment_status":"closed","ping_status":"closed","template":"","meta":{"_et_pb_use_builder":"on","_et_pb_old_content":"","_et_gb_content_width":"","footnotes":""},"class_list":["post-2969","page","type-page","status-publish","hentry"],"yoast_head":"<!-- This site is optimized with the Yoast SEO plugin v23.3 - https:\/\/yoast.com\/wordpress\/plugins\/seo\/ -->\n<title>R\u00e9cup\u00e9ration d\u2019\u00e9pave d\u2019avion \u00e0 Echt-Susteren - Deminetec-ECG<\/title>\n<meta name=\"robots\" content=\"index, follow, max-snippet:-1, max-image-preview:large, max-video-preview:-1\" \/>\n<link rel=\"canonical\" href=\"https:\/\/deminetec-ecg.com\/fr\/recuperation-depave-davion-a-echt-susteren\/\" \/>\n<meta property=\"og:locale\" content=\"fr_FR\" \/>\n<meta property=\"og:type\" content=\"article\" \/>\n<meta property=\"og:title\" content=\"R\u00e9cup\u00e9ration d\u2019\u00e9pave d\u2019avion \u00e0 Echt-Susteren - Deminetec-ECG\" \/>\n<meta property=\"og:description\" content=\"[et_pb_section fb_built=&#8221;1&#8243; admin_label=&#8221;Hero&#8221; _builder_version=&#8221;4.9.0&#8243; background_color=&#8221;#5A8E9B&#8221; background_enable_image=&#8221;off&#8221; custom_margin=&#8221;||-1px|||&#8221; custom_padding=&#8221;||21px|||&#8221; animation_style=&#8221;zoom&#8221; animation_intensity_zoom=&#8221;4%&#8221;][et_pb_row _builder_version=&#8221;3.25&#8243; background_size=&#8221;initial&#8221; background_position=&#8221;top_left&#8221; background_repeat=&#8221;repeat&#8221; min_height=&#8221;203px&#8221; custom_padding=&#8221;5px|||||&#8221; animation_style=&#8221;slide&#8221; animation_direction=&#8221;top&#8221; animation_intensity_slide=&#8221;3%&#8221;][et_pb_column type=&#8221;4_4&#8243; _builder_version=&#8221;3.25&#8243; custom_padding=&#8221;|||&#8221; custom_padding__hover=&#8221;|||&#8221;][et_pb_text _builder_version=&#8221;4.9.2&#8243; text_font=&#8221;Montserrat|500||on|||||&#8221; text_text_color=&#8221;#FFFFFF&#8221; text_font_size=&#8221;16px&#8221; text_letter_spacing=&#8221;3px&#8221; background_size=&#8221;initial&#8221; background_position=&#8221;top_left&#8221; background_repeat=&#8221;repeat&#8221; custom_margin=&#8221;||45px|&#8221; animation_style=&#8221;slide&#8221; animation_direction=&#8221;bottom&#8221; locked=&#8221;off&#8221;] Projets [\/et_pb_text][et_pb_text _builder_version=&#8221;4.9.2&#8243; text_font=&#8221;||||||||&#8221; header_font=&#8221;Montserrat|700||on|||||&#8221; header_text_color=&#8221;#353740&#8243; header_font_size=&#8221;60px&#8221; header_line_height=&#8221;1.3em&#8221; background_size=&#8221;initial&#8221; background_position=&#8221;top_left&#8221; background_repeat=&#8221;repeat&#8221; custom_margin=&#8221;|||&#8221; animation_style=&#8221;fade&#8221; header_font_size_tablet=&#8221;50px&#8221; header_font_size_phone=&#8221;30px&#8221; header_font_size_last_edited=&#8221;on|desktop&#8221; locked=&#8221;off&#8221;] R\u00e9cup\u00e9ration d\u2019\u00e9pave d\u2019avion [&hellip;]\" \/>\n<meta property=\"og:url\" content=\"https:\/\/deminetec-ecg.com\/fr\/recuperation-depave-davion-a-echt-susteren\/\" \/>\n<meta property=\"og:site_name\" content=\"Deminetec-ECG\" \/>\n<meta property=\"article:publisher\" content=\"https:\/\/www.facebook.com\/deminetec\/\" \/>\n<meta property=\"article:modified_time\" content=\"2021-06-04T10:45:17+00:00\" \/>\n<meta property=\"og:image\" content=\"https:\/\/deminetec-ecg.com\/wp-content\/uploads\/2021\/02\/d-ecg_blue2.jpg\" \/>\n\t<meta property=\"og:image:width\" content=\"1000\" \/>\n\t<meta property=\"og:image:height\" content=\"300\" \/>\n\t<meta property=\"og:image:type\" content=\"image\/jpeg\" \/>\n<meta name=\"twitter:card\" content=\"summary_large_image\" \/>\n<meta name=\"twitter:label1\" content=\"Dur\u00e9e de lecture estim\u00e9e\" \/>\n\t<meta name=\"twitter:data1\" content=\"5 minutes\" \/>\n<script type=\"application\/ld+json\" class=\"yoast-schema-graph\">{\"@context\":\"https:\/\/schema.org\",\"@graph\":[{\"@type\":\"WebPage\",\"@id\":\"https:\/\/deminetec-ecg.com\/fr\/recuperation-depave-davion-a-echt-susteren\/\",\"url\":\"https:\/\/deminetec-ecg.com\/fr\/recuperation-depave-davion-a-echt-susteren\/\",\"name\":\"R\u00e9cup\u00e9ration d\u2019\u00e9pave d\u2019avion \u00e0 Echt-Susteren - Deminetec-ECG\",\"isPartOf\":{\"@id\":\"https:\/\/deminetec-ecg.com\/#website\"},\"datePublished\":\"2021-06-03T14:34:49+00:00\",\"dateModified\":\"2021-06-04T10:45:17+00:00\",\"breadcrumb\":{\"@id\":\"https:\/\/deminetec-ecg.com\/fr\/recuperation-depave-davion-a-echt-susteren\/#breadcrumb\"},\"inLanguage\":\"fr-FR\",\"potentialAction\":[{\"@type\":\"ReadAction\",\"target\":[\"https:\/\/deminetec-ecg.com\/fr\/recuperation-depave-davion-a-echt-susteren\/\"]}]},{\"@type\":\"BreadcrumbList\",\"@id\":\"https:\/\/deminetec-ecg.com\/fr\/recuperation-depave-davion-a-echt-susteren\/#breadcrumb\",\"itemListElement\":[{\"@type\":\"ListItem\",\"position\":1,\"name\":\"Home\",\"item\":\"https:\/\/deminetec-ecg.com\/fr\/\"},{\"@type\":\"ListItem\",\"position\":2,\"name\":\"R\u00e9cup\u00e9ration d\u2019\u00e9pave d\u2019avion \u00e0 Echt-Susteren\"}]},{\"@type\":\"WebSite\",\"@id\":\"https:\/\/deminetec-ecg.com\/#website\",\"url\":\"https:\/\/deminetec-ecg.com\/\",\"name\":\"Deminetec-ECG\",\"description\":\"Just another WordPress site\",\"publisher\":{\"@id\":\"https:\/\/deminetec-ecg.com\/#organization\"},\"potentialAction\":[{\"@type\":\"SearchAction\",\"target\":{\"@type\":\"EntryPoint\",\"urlTemplate\":\"https:\/\/deminetec-ecg.com\/?s={search_term_string}\"},\"query-input\":\"required name=search_term_string\"}],\"inLanguage\":\"fr-FR\"},{\"@type\":\"Organization\",\"@id\":\"https:\/\/deminetec-ecg.com\/#organization\",\"name\":\"Deminetec ECG\",\"url\":\"https:\/\/deminetec-ecg.com\/\",\"logo\":{\"@type\":\"ImageObject\",\"inLanguage\":\"fr-FR\",\"@id\":\"https:\/\/deminetec-ecg.com\/#\/schema\/logo\/image\/\",\"url\":\"https:\/\/deminetec-ecg.com\/wp-content\/uploads\/2021\/03\/d-ecg_blue1-removebg-preview.png\",\"contentUrl\":\"https:\/\/deminetec-ecg.com\/wp-content\/uploads\/2021\/03\/d-ecg_blue1-removebg-preview.png\",\"width\":500,\"height\":500,\"caption\":\"Deminetec ECG\"},\"image\":{\"@id\":\"https:\/\/deminetec-ecg.com\/#\/schema\/logo\/image\/\"},\"sameAs\":[\"https:\/\/www.facebook.com\/deminetec\/\"]}]}<\/script>\n<!-- \/ Yoast SEO plugin. -->","yoast_head_json":{"title":"R\u00e9cup\u00e9ration d\u2019\u00e9pave d\u2019avion \u00e0 Echt-Susteren - Deminetec-ECG","robots":{"index":"index","follow":"follow","max-snippet":"max-snippet:-1","max-image-preview":"max-image-preview:large","max-video-preview":"max-video-preview:-1"},"canonical":"https:\/\/deminetec-ecg.com\/fr\/recuperation-depave-davion-a-echt-susteren\/","og_locale":"fr_FR","og_type":"article","og_title":"R\u00e9cup\u00e9ration d\u2019\u00e9pave d\u2019avion \u00e0 Echt-Susteren - Deminetec-ECG","og_description":"[et_pb_section fb_built=&#8221;1&#8243; admin_label=&#8221;Hero&#8221; _builder_version=&#8221;4.9.0&#8243; background_color=&#8221;#5A8E9B&#8221; background_enable_image=&#8221;off&#8221; custom_margin=&#8221;||-1px|||&#8221; custom_padding=&#8221;||21px|||&#8221; animation_style=&#8221;zoom&#8221; animation_intensity_zoom=&#8221;4%&#8221;][et_pb_row _builder_version=&#8221;3.25&#8243; background_size=&#8221;initial&#8221; background_position=&#8221;top_left&#8221; background_repeat=&#8221;repeat&#8221; min_height=&#8221;203px&#8221; custom_padding=&#8221;5px|||||&#8221; animation_style=&#8221;slide&#8221; animation_direction=&#8221;top&#8221; animation_intensity_slide=&#8221;3%&#8221;][et_pb_column type=&#8221;4_4&#8243; _builder_version=&#8221;3.25&#8243; custom_padding=&#8221;|||&#8221; custom_padding__hover=&#8221;|||&#8221;][et_pb_text _builder_version=&#8221;4.9.2&#8243; text_font=&#8221;Montserrat|500||on|||||&#8221; text_text_color=&#8221;#FFFFFF&#8221; text_font_size=&#8221;16px&#8221; text_letter_spacing=&#8221;3px&#8221; background_size=&#8221;initial&#8221; background_position=&#8221;top_left&#8221; background_repeat=&#8221;repeat&#8221; custom_margin=&#8221;||45px|&#8221; animation_style=&#8221;slide&#8221; animation_direction=&#8221;bottom&#8221; locked=&#8221;off&#8221;] Projets [\/et_pb_text][et_pb_text _builder_version=&#8221;4.9.2&#8243; text_font=&#8221;||||||||&#8221; header_font=&#8221;Montserrat|700||on|||||&#8221; header_text_color=&#8221;#353740&#8243; header_font_size=&#8221;60px&#8221; header_line_height=&#8221;1.3em&#8221; background_size=&#8221;initial&#8221; background_position=&#8221;top_left&#8221; background_repeat=&#8221;repeat&#8221; custom_margin=&#8221;|||&#8221; animation_style=&#8221;fade&#8221; header_font_size_tablet=&#8221;50px&#8221; header_font_size_phone=&#8221;30px&#8221; header_font_size_last_edited=&#8221;on|desktop&#8221; locked=&#8221;off&#8221;] R\u00e9cup\u00e9ration d\u2019\u00e9pave d\u2019avion [&hellip;]","og_url":"https:\/\/deminetec-ecg.com\/fr\/recuperation-depave-davion-a-echt-susteren\/","og_site_name":"Deminetec-ECG","article_publisher":"https:\/\/www.facebook.com\/deminetec\/","article_modified_time":"2021-06-04T10:45:17+00:00","og_image":[{"width":1000,"height":300,"url":"https:\/\/deminetec-ecg.com\/wp-content\/uploads\/2021\/02\/d-ecg_blue2.jpg","type":"image\/jpeg"}],"twitter_card":"summary_large_image","twitter_misc":{"Dur\u00e9e de lecture estim\u00e9e":"5 minutes"},"schema":{"@context":"https:\/\/schema.org","@graph":[{"@type":"WebPage","@id":"https:\/\/deminetec-ecg.com\/fr\/recuperation-depave-davion-a-echt-susteren\/","url":"https:\/\/deminetec-ecg.com\/fr\/recuperation-depave-davion-a-echt-susteren\/","name":"R\u00e9cup\u00e9ration d\u2019\u00e9pave d\u2019avion \u00e0 Echt-Susteren - Deminetec-ECG","isPartOf":{"@id":"https:\/\/deminetec-ecg.com\/#website"},"datePublished":"2021-06-03T14:34:49+00:00","dateModified":"2021-06-04T10:45:17+00:00","breadcrumb":{"@id":"https:\/\/deminetec-ecg.com\/fr\/recuperation-depave-davion-a-echt-susteren\/#breadcrumb"},"inLanguage":"fr-FR","potentialAction":[{"@type":"ReadAction","target":["https:\/\/deminetec-ecg.com\/fr\/recuperation-depave-davion-a-echt-susteren\/"]}]},{"@type":"BreadcrumbList","@id":"https:\/\/deminetec-ecg.com\/fr\/recuperation-depave-davion-a-echt-susteren\/#breadcrumb","itemListElement":[{"@type":"ListItem","position":1,"name":"Home","item":"https:\/\/deminetec-ecg.com\/fr\/"},{"@type":"ListItem","position":2,"name":"R\u00e9cup\u00e9ration d\u2019\u00e9pave d\u2019avion \u00e0 Echt-Susteren"}]},{"@type":"WebSite","@id":"https:\/\/deminetec-ecg.com\/#website","url":"https:\/\/deminetec-ecg.com\/","name":"Deminetec-ECG","description":"Just another WordPress site","publisher":{"@id":"https:\/\/deminetec-ecg.com\/#organization"},"potentialAction":[{"@type":"SearchAction","target":{"@type":"EntryPoint","urlTemplate":"https:\/\/deminetec-ecg.com\/?s={search_term_string}"},"query-input":"required name=search_term_string"}],"inLanguage":"fr-FR"},{"@type":"Organization","@id":"https:\/\/deminetec-ecg.com\/#organization","name":"Deminetec ECG","url":"https:\/\/deminetec-ecg.com\/","logo":{"@type":"ImageObject","inLanguage":"fr-FR","@id":"https:\/\/deminetec-ecg.com\/#\/schema\/logo\/image\/","url":"https:\/\/deminetec-ecg.com\/wp-content\/uploads\/2021\/03\/d-ecg_blue1-removebg-preview.png","contentUrl":"https:\/\/deminetec-ecg.com\/wp-content\/uploads\/2021\/03\/d-ecg_blue1-removebg-preview.png","width":500,"height":500,"caption":"Deminetec ECG"},"image":{"@id":"https:\/\/deminetec-ecg.com\/#\/schema\/logo\/image\/"},"sameAs":["https:\/\/www.facebook.com\/deminetec\/"]}]}},"_links":{"self":[{"href":"https:\/\/deminetec-ecg.com\/fr\/wp-json\/wp\/v2\/pages\/2969","targetHints":{"allow":["GET"]}}],"collection":[{"href":"https:\/\/deminetec-ecg.com\/fr\/wp-json\/wp\/v2\/pages"}],"about":[{"href":"https:\/\/deminetec-ecg.com\/fr\/wp-json\/wp\/v2\/types\/page"}],"author":[{"embeddable":true,"href":"https:\/\/deminetec-ecg.com\/fr\/wp-json\/wp\/v2\/users\/3"}],"replies":[{"embeddable":true,"href":"https:\/\/deminetec-ecg.com\/fr\/wp-json\/wp\/v2\/comments?post=2969"}],"version-history":[{"count":4,"href":"https:\/\/deminetec-ecg.com\/fr\/wp-json\/wp\/v2\/pages\/2969\/revisions"}],"predecessor-version":[{"id":3150,"href":"https:\/\/deminetec-ecg.com\/fr\/wp-json\/wp\/v2\/pages\/2969\/revisions\/3150"}],"wp:attachment":[{"href":"https:\/\/deminetec-ecg.com\/fr\/wp-json\/wp\/v2\/media?parent=2969"}],"curies":[{"name":"wp","href":"https:\/\/api.w.org\/{rel}","templated":true}]}}