{"id":2935,"date":"2021-06-03T13:49:46","date_gmt":"2021-06-03T13:49:46","guid":{"rendered":"https:\/\/deminetec-ecg.com\/fort-8-a-anvers\/"},"modified":"2021-06-04T10:44:28","modified_gmt":"2021-06-04T10:44:28","slug":"fort-8-a-anvers","status":"publish","type":"page","link":"https:\/\/deminetec-ecg.com\/fr\/fort-8-a-anvers\/","title":{"rendered":"Fort 8 \u00e0 Anvers"},"content":{"rendered":"<p>[et_pb_section fb_built=&#8221;1&#8243; admin_label=&#8221;Hero&#8221; _builder_version=&#8221;4.9.0&#8243; background_color=&#8221;#5A8E9B&#8221; background_enable_image=&#8221;off&#8221; custom_margin=&#8221;||-1px|||&#8221; custom_padding=&#8221;||21px|||&#8221; animation_style=&#8221;zoom&#8221; animation_intensity_zoom=&#8221;4%&#8221;][et_pb_row _builder_version=&#8221;3.25&#8243; background_size=&#8221;initial&#8221; background_position=&#8221;top_left&#8221; background_repeat=&#8221;repeat&#8221; min_height=&#8221;203px&#8221; custom_padding=&#8221;5px|||||&#8221; animation_style=&#8221;slide&#8221; animation_direction=&#8221;top&#8221; animation_intensity_slide=&#8221;3%&#8221;][et_pb_column type=&#8221;4_4&#8243; _builder_version=&#8221;3.25&#8243; custom_padding=&#8221;|||&#8221; custom_padding__hover=&#8221;|||&#8221;][et_pb_text _builder_version=&#8221;4.9.2&#8243; text_font=&#8221;Montserrat|500||on|||||&#8221; text_text_color=&#8221;#FFFFFF&#8221; text_font_size=&#8221;16px&#8221; text_letter_spacing=&#8221;3px&#8221; background_size=&#8221;initial&#8221; background_position=&#8221;top_left&#8221; background_repeat=&#8221;repeat&#8221; custom_margin=&#8221;||45px|&#8221; animation_style=&#8221;slide&#8221; animation_direction=&#8221;bottom&#8221; locked=&#8221;off&#8221;]<\/p>\n<p>Projets<\/p>\n<p>[\/et_pb_text][et_pb_text _builder_version=&#8221;4.9.2&#8243; text_font=&#8221;||||||||&#8221; header_font=&#8221;Montserrat|700||on|||||&#8221; header_text_color=&#8221;#353740&#8243; header_font_size=&#8221;60px&#8221; header_line_height=&#8221;1.3em&#8221; background_size=&#8221;initial&#8221; background_position=&#8221;top_left&#8221; background_repeat=&#8221;repeat&#8221; custom_margin=&#8221;|||&#8221; animation_style=&#8221;fade&#8221; header_font_size_tablet=&#8221;50px&#8221; header_font_size_phone=&#8221;30px&#8221; header_font_size_last_edited=&#8221;on|desktop&#8221; locked=&#8221;off&#8221;]<\/p>\n<h1><span style=\"color: #ffffff;\">Fort 8 \u00e0 Anvers<\/span><\/h1>\n<p>[\/et_pb_text][\/et_pb_column][\/et_pb_row][\/et_pb_section][et_pb_section fb_built=&#8221;1&#8243; admin_label=&#8221;Case Study Text&#8221; _builder_version=&#8221;3.22&#8243; custom_margin=&#8221;-13px||1px|||&#8221; custom_padding=&#8221;5px||27px|||&#8221;][et_pb_row _builder_version=&#8221;4.9.0&#8243; _module_preset=&#8221;default&#8221;][et_pb_column type=&#8221;4_4&#8243; _builder_version=&#8221;4.9.0&#8243; _module_preset=&#8221;default&#8221;][et_pb_text _builder_version=&#8221;4.9.2&#8243; _module_preset=&#8221;default&#8221;]<\/p>\n<p>Deminetec-ECG a r\u00e9cemment termin\u00e9 une \u00e9tude historique concernant les munitions non-explos\u00e9es (UXO) sur un emplacement tr\u00e8s sp\u00e9cial: le Fort 8 situ\u00e9 \u00e0 Anvers.<\/p>\n<p>L&#8217;histoire militaire de cette forteresse remonte au XIXe si\u00e8cle, bien avant les Premi\u00e8re et Seconde Guerres mondiales. Le fort 8 a \u00e9t\u00e9 construit \u00e0 la moiti\u00e9 du XIXe si\u00e8cle dans le cadre du \u00abStelling van Antwerpen\u00bb, une ligne d\u00e9fensive entourant la ville d&#8217;Anvers. La ligne de fortification int\u00e9rieure se composait de 8 forteresses, \u00e9galement connues sous le nom de fortifications de Brialmont.<\/p>\n<p>L\u2019objectif de l\u2019\u00e9tude historique men\u00e9e par Deminetec-ECG \u00e9tait de d\u00e9terminer si la forteresse avait \u00e9t\u00e9 soumise \u00e0 des faits de guerre et, dans l\u2019affirmative, si des munitions non-explos\u00e9es pouvaient \u00eatre encore pr\u00e9sentes sur ce site. Le projet s&#8217;est concentr\u00e9 sur une partie sp\u00e9cifique de la forteresse: l&#8217;entr\u00e9e de l&#8217;artillerie. Plusieurs sources historiques ont \u00e9t\u00e9 \u00e9tudi\u00e9es au cours de cette recherche pour recueillir des informations sur les op\u00e9rations militaires qui ont eu lieu dans la r\u00e9gion pendant les Premi\u00e8re et Seconde Guerres mondiales. Parmi ces sources figuraient des photographies a\u00e9riennes de la guerre et des documents d&#8217;archives, tels que des cartes et des journaux de guerre.<\/p>\n<p>Une carte du fort indiquait que deux postes de tir \u00e9taient positionn\u00e9es sur le toit de l&#8217;entr\u00e9e d&#8217;artillerie. Ces postes de tir pouvaient \u00e9galement \u00eatre vues sur des photographies a\u00e9riennes couvrant la forteresse. Les photographies a\u00e9riennes modernes indiquent que ces m\u00eames postes sont toujours pr\u00e9sents aux emplacements exacts r\u00e9f\u00e9renc\u00e9s dans les documents d\u2019\u00e9poque. Les postes de tir sont consid\u00e9res comme des emplacements o\u00f9 des munitions non-explos\u00e9es peuvent \u00eatre d\u00e9couvertes lors d&#8217;activit\u00e9s de terrassement. Les r\u00e9sultats de ce projet de recherche peuvent d\u00e9sormais \u00eatre utilis\u00e9s pour planifier les travaux sur le terrain et pour engager les travaux de d\u00e9pollution des restes explosifs de la guerre. Les plans de d\u00e9veloppement de nos clients peuvent alors \u00eatre ex\u00e9cut\u00e9s en toute s\u00e9curit\u00e9.<\/p>\n<p>[\/et_pb_text][\/et_pb_column][\/et_pb_row][\/et_pb_section][et_pb_section fb_built=&#8221;1&#8243; _builder_version=&#8221;4.9.2&#8243; _module_preset=&#8221;default&#8221; min_height=&#8221;558.3px&#8221; custom_margin=&#8221;-31px||-65px|||&#8221; custom_padding=&#8221;0px||0px|||&#8221;][et_pb_row column_structure=&#8221;1_2,1_2&#8243; _builder_version=&#8221;4.9.2&#8243; _module_preset=&#8221;default&#8221; min_height=&#8221;618.3px&#8221; custom_padding=&#8221;18px|||||&#8221;][et_pb_column type=&#8221;1_2&#8243; _builder_version=&#8221;4.9.2&#8243; _module_preset=&#8221;default&#8221;][et_pb_image src=&#8221;https:\/\/deminetec-ecg.com\/wp-content\/uploads\/2021\/04\/399-020-TE-04-Kaart-met-stellingen-scaled.jpg&#8221; _builder_version=&#8221;4.9.2&#8243; _module_preset=&#8221;default&#8221; animation_style=&#8221;flip&#8221;][\/et_pb_image][\/et_pb_column][et_pb_column type=&#8221;1_2&#8243; _builder_version=&#8221;4.9.2&#8243; _module_preset=&#8221;default&#8221;][et_pb_image src=&#8221;https:\/\/deminetec-ecg.com\/wp-content\/uploads\/2021\/04\/399-020-TE-06-Beeldvergelijing-DHMV.jpg&#8221; _builder_version=&#8221;4.9.2&#8243; _module_preset=&#8221;default&#8221; animation_style=&#8221;flip&#8221;][\/et_pb_image][\/et_pb_column][\/et_pb_row][\/et_pb_section][et_pb_section fb_built=&#8221;1&#8243; fullwidth=&#8221;on&#8221; _builder_version=&#8221;4.9.2&#8243; _module_preset=&#8221;default&#8221; background_image=&#8221;https:\/\/deminetec-ecg.com\/wp-content\/uploads\/2021\/03\/ERW-scaled.jpg&#8221; parallax=&#8221;on&#8221; filter_saturate=&#8221;10%&#8221;][et_pb_fullwidth_header title=&#8221;Besoin d\u2019en savoir plus ou une demande de devis?&#8221; text_orientation=&#8221;center&#8221; button_one_text=&#8221;Contact&#8221; button_one_url=&#8221;https:\/\/deminetec-ecg.com\/fr\/contact\/&#8221; background_overlay_color=&#8221;RGBA(0,0,0,0)&#8221; _builder_version=&#8221;4.9.4&#8243; _module_preset=&#8221;default&#8221; title_level=&#8221;h2&#8243; title_font=&#8221;|700|||||||&#8221; title_font_size=&#8221;29px&#8221; background_enable_color=&#8221;off&#8221; background_enable_image=&#8221;off&#8221; background_blend=&#8221;hue&#8221; custom_button_one=&#8221;on&#8221; button_one_text_color=&#8221;#000000&#8243; button_one_bg_color=&#8221;#FFFFFF&#8221; button_one_border_width=&#8221;3px&#8221; button_one_border_color=&#8221;#FFFFFF&#8221; button_one_border_radius=&#8221;100px&#8221; button_one_letter_spacing=&#8221;2px&#8221; button_one_font=&#8221;Montserrat|on||on|&#8221; button_one_icon=&#8221;%%36%%&#8221; button_one_icon_color=&#8221;#000000&#8243; button_one_custom_margin=&#8221;|||10px|false|false&#8221; button_one_custom_margin_tablet=&#8221;|||10px|false|false&#8221; button_one_custom_margin_phone=&#8221;|||10px|false|false&#8221; button_one_custom_margin_last_edited=&#8221;on|desktop&#8221; custom_margin=&#8221;47px|||||&#8221; child_filter_saturate=&#8221;163%&#8221; link_option_url=&#8221;https:\/\/deminetec-ecg.com\/fr\/contact\/&#8221; link_option_url_new_window=&#8221;on&#8221; hover_enabled=&#8221;0&#8243; text_shadow_style=&#8221;preset5&#8243; button_one_text_color__hover=&#8221;#000000&#8243; button_one_text_color__hover_enabled=&#8221;on|hover&#8221; button_one_bg_color__hover=&#8221;#FFFFFF&#8221; button_one_bg_color__hover_enabled=&#8221;on|hover&#8221; button_one_border_color__hover=&#8221;#ffffff&#8221; button_one_border_color__hover_enabled=&#8221;on|desktop&#8221; button_one_letter_spacing__hover=&#8221;2px&#8221; button_one_letter_spacing__hover_enabled=&#8221;on&#8221; button_one_bg_enable_color__hover=&#8221;on&#8221; sticky_enabled=&#8221;0&#8243;][\/et_pb_fullwidth_header][\/et_pb_section]<\/p>\n","protected":false},"excerpt":{"rendered":"<p>[et_pb_section fb_built=&#8221;1&#8243; admin_label=&#8221;Hero&#8221; _builder_version=&#8221;4.9.0&#8243; background_color=&#8221;#5A8E9B&#8221; background_enable_image=&#8221;off&#8221; custom_margin=&#8221;||-1px|||&#8221; custom_padding=&#8221;||21px|||&#8221; animation_style=&#8221;zoom&#8221; animation_intensity_zoom=&#8221;4%&#8221;][et_pb_row _builder_version=&#8221;3.25&#8243; background_size=&#8221;initial&#8221; background_position=&#8221;top_left&#8221; background_repeat=&#8221;repeat&#8221; min_height=&#8221;203px&#8221; custom_padding=&#8221;5px|||||&#8221; animation_style=&#8221;slide&#8221; animation_direction=&#8221;top&#8221; animation_intensity_slide=&#8221;3%&#8221;][et_pb_column type=&#8221;4_4&#8243; _builder_version=&#8221;3.25&#8243; custom_padding=&#8221;|||&#8221; custom_padding__hover=&#8221;|||&#8221;][et_pb_text _builder_version=&#8221;4.9.2&#8243; text_font=&#8221;Montserrat|500||on|||||&#8221; text_text_color=&#8221;#FFFFFF&#8221; text_font_size=&#8221;16px&#8221; text_letter_spacing=&#8221;3px&#8221; background_size=&#8221;initial&#8221; background_position=&#8221;top_left&#8221; background_repeat=&#8221;repeat&#8221; custom_margin=&#8221;||45px|&#8221; animation_style=&#8221;slide&#8221; animation_direction=&#8221;bottom&#8221; locked=&#8221;off&#8221;] Projets [\/et_pb_text][et_pb_text _builder_version=&#8221;4.9.2&#8243; text_font=&#8221;||||||||&#8221; header_font=&#8221;Montserrat|700||on|||||&#8221; header_text_color=&#8221;#353740&#8243; header_font_size=&#8221;60px&#8221; header_line_height=&#8221;1.3em&#8221; background_size=&#8221;initial&#8221; background_position=&#8221;top_left&#8221; background_repeat=&#8221;repeat&#8221; custom_margin=&#8221;|||&#8221; animation_style=&#8221;fade&#8221; header_font_size_tablet=&#8221;50px&#8221; header_font_size_phone=&#8221;30px&#8221; header_font_size_last_edited=&#8221;on|desktop&#8221; locked=&#8221;off&#8221;] Fort 8 \u00e0 [&hellip;]<\/p>\n","protected":false},"author":1,"featured_media":0,"parent":0,"menu_order":0,"comment_status":"closed","ping_status":"closed","template":"","meta":{"_et_pb_use_builder":"on","_et_pb_old_content":"","_et_gb_content_width":"","footnotes":""},"class_list":["post-2935","page","type-page","status-publish","hentry"],"yoast_head":"<!-- This site is optimized with the Yoast SEO plugin v23.3 - https:\/\/yoast.com\/wordpress\/plugins\/seo\/ -->\n<title>Fort 8 \u00e0 Anvers - Deminetec-ECG<\/title>\n<meta name=\"robots\" content=\"index, follow, max-snippet:-1, max-image-preview:large, max-video-preview:-1\" \/>\n<link rel=\"canonical\" href=\"https:\/\/deminetec-ecg.com\/fr\/fort-8-a-anvers\/\" \/>\n<meta property=\"og:locale\" content=\"fr_FR\" \/>\n<meta property=\"og:type\" content=\"article\" \/>\n<meta property=\"og:title\" content=\"Fort 8 \u00e0 Anvers - Deminetec-ECG\" \/>\n<meta property=\"og:description\" content=\"[et_pb_section fb_built=&#8221;1&#8243; admin_label=&#8221;Hero&#8221; _builder_version=&#8221;4.9.0&#8243; background_color=&#8221;#5A8E9B&#8221; background_enable_image=&#8221;off&#8221; custom_margin=&#8221;||-1px|||&#8221; custom_padding=&#8221;||21px|||&#8221; animation_style=&#8221;zoom&#8221; animation_intensity_zoom=&#8221;4%&#8221;][et_pb_row _builder_version=&#8221;3.25&#8243; background_size=&#8221;initial&#8221; background_position=&#8221;top_left&#8221; background_repeat=&#8221;repeat&#8221; min_height=&#8221;203px&#8221; custom_padding=&#8221;5px|||||&#8221; animation_style=&#8221;slide&#8221; animation_direction=&#8221;top&#8221; animation_intensity_slide=&#8221;3%&#8221;][et_pb_column type=&#8221;4_4&#8243; _builder_version=&#8221;3.25&#8243; custom_padding=&#8221;|||&#8221; custom_padding__hover=&#8221;|||&#8221;][et_pb_text _builder_version=&#8221;4.9.2&#8243; text_font=&#8221;Montserrat|500||on|||||&#8221; text_text_color=&#8221;#FFFFFF&#8221; text_font_size=&#8221;16px&#8221; text_letter_spacing=&#8221;3px&#8221; background_size=&#8221;initial&#8221; background_position=&#8221;top_left&#8221; background_repeat=&#8221;repeat&#8221; custom_margin=&#8221;||45px|&#8221; animation_style=&#8221;slide&#8221; animation_direction=&#8221;bottom&#8221; locked=&#8221;off&#8221;] Projets [\/et_pb_text][et_pb_text _builder_version=&#8221;4.9.2&#8243; text_font=&#8221;||||||||&#8221; header_font=&#8221;Montserrat|700||on|||||&#8221; header_text_color=&#8221;#353740&#8243; header_font_size=&#8221;60px&#8221; header_line_height=&#8221;1.3em&#8221; background_size=&#8221;initial&#8221; background_position=&#8221;top_left&#8221; background_repeat=&#8221;repeat&#8221; custom_margin=&#8221;|||&#8221; animation_style=&#8221;fade&#8221; header_font_size_tablet=&#8221;50px&#8221; header_font_size_phone=&#8221;30px&#8221; header_font_size_last_edited=&#8221;on|desktop&#8221; locked=&#8221;off&#8221;] Fort 8 \u00e0 [&hellip;]\" \/>\n<meta property=\"og:url\" content=\"https:\/\/deminetec-ecg.com\/fr\/fort-8-a-anvers\/\" \/>\n<meta property=\"og:site_name\" content=\"Deminetec-ECG\" \/>\n<meta property=\"article:publisher\" content=\"https:\/\/www.facebook.com\/deminetec\/\" \/>\n<meta property=\"article:modified_time\" content=\"2021-06-04T10:44:28+00:00\" \/>\n<meta property=\"og:image\" content=\"https:\/\/deminetec-ecg.com\/wp-content\/uploads\/2021\/02\/d-ecg_blue2.jpg\" \/>\n\t<meta property=\"og:image:width\" content=\"1000\" \/>\n\t<meta property=\"og:image:height\" content=\"300\" \/>\n\t<meta property=\"og:image:type\" content=\"image\/jpeg\" \/>\n<meta name=\"twitter:card\" content=\"summary_large_image\" \/>\n<meta name=\"twitter:label1\" content=\"Dur\u00e9e de lecture estim\u00e9e\" \/>\n\t<meta name=\"twitter:data1\" content=\"5 minutes\" \/>\n<script type=\"application\/ld+json\" class=\"yoast-schema-graph\">{\"@context\":\"https:\/\/schema.org\",\"@graph\":[{\"@type\":\"WebPage\",\"@id\":\"https:\/\/deminetec-ecg.com\/fr\/fort-8-a-anvers\/\",\"url\":\"https:\/\/deminetec-ecg.com\/fr\/fort-8-a-anvers\/\",\"name\":\"Fort 8 \u00e0 Anvers - Deminetec-ECG\",\"isPartOf\":{\"@id\":\"https:\/\/deminetec-ecg.com\/#website\"},\"datePublished\":\"2021-06-03T13:49:46+00:00\",\"dateModified\":\"2021-06-04T10:44:28+00:00\",\"breadcrumb\":{\"@id\":\"https:\/\/deminetec-ecg.com\/fr\/fort-8-a-anvers\/#breadcrumb\"},\"inLanguage\":\"fr-FR\",\"potentialAction\":[{\"@type\":\"ReadAction\",\"target\":[\"https:\/\/deminetec-ecg.com\/fr\/fort-8-a-anvers\/\"]}]},{\"@type\":\"BreadcrumbList\",\"@id\":\"https:\/\/deminetec-ecg.com\/fr\/fort-8-a-anvers\/#breadcrumb\",\"itemListElement\":[{\"@type\":\"ListItem\",\"position\":1,\"name\":\"Home\",\"item\":\"https:\/\/deminetec-ecg.com\/fr\/\"},{\"@type\":\"ListItem\",\"position\":2,\"name\":\"Fort 8 \u00e0 Anvers\"}]},{\"@type\":\"WebSite\",\"@id\":\"https:\/\/deminetec-ecg.com\/#website\",\"url\":\"https:\/\/deminetec-ecg.com\/\",\"name\":\"Deminetec-ECG\",\"description\":\"Just another WordPress site\",\"publisher\":{\"@id\":\"https:\/\/deminetec-ecg.com\/#organization\"},\"potentialAction\":[{\"@type\":\"SearchAction\",\"target\":{\"@type\":\"EntryPoint\",\"urlTemplate\":\"https:\/\/deminetec-ecg.com\/?s={search_term_string}\"},\"query-input\":\"required name=search_term_string\"}],\"inLanguage\":\"fr-FR\"},{\"@type\":\"Organization\",\"@id\":\"https:\/\/deminetec-ecg.com\/#organization\",\"name\":\"Deminetec ECG\",\"url\":\"https:\/\/deminetec-ecg.com\/\",\"logo\":{\"@type\":\"ImageObject\",\"inLanguage\":\"fr-FR\",\"@id\":\"https:\/\/deminetec-ecg.com\/#\/schema\/logo\/image\/\",\"url\":\"https:\/\/deminetec-ecg.com\/wp-content\/uploads\/2021\/03\/d-ecg_blue1-removebg-preview.png\",\"contentUrl\":\"https:\/\/deminetec-ecg.com\/wp-content\/uploads\/2021\/03\/d-ecg_blue1-removebg-preview.png\",\"width\":500,\"height\":500,\"caption\":\"Deminetec ECG\"},\"image\":{\"@id\":\"https:\/\/deminetec-ecg.com\/#\/schema\/logo\/image\/\"},\"sameAs\":[\"https:\/\/www.facebook.com\/deminetec\/\"]}]}<\/script>\n<!-- \/ Yoast SEO plugin. -->","yoast_head_json":{"title":"Fort 8 \u00e0 Anvers - Deminetec-ECG","robots":{"index":"index","follow":"follow","max-snippet":"max-snippet:-1","max-image-preview":"max-image-preview:large","max-video-preview":"max-video-preview:-1"},"canonical":"https:\/\/deminetec-ecg.com\/fr\/fort-8-a-anvers\/","og_locale":"fr_FR","og_type":"article","og_title":"Fort 8 \u00e0 Anvers - Deminetec-ECG","og_description":"[et_pb_section fb_built=&#8221;1&#8243; admin_label=&#8221;Hero&#8221; _builder_version=&#8221;4.9.0&#8243; background_color=&#8221;#5A8E9B&#8221; background_enable_image=&#8221;off&#8221; custom_margin=&#8221;||-1px|||&#8221; custom_padding=&#8221;||21px|||&#8221; animation_style=&#8221;zoom&#8221; animation_intensity_zoom=&#8221;4%&#8221;][et_pb_row _builder_version=&#8221;3.25&#8243; background_size=&#8221;initial&#8221; background_position=&#8221;top_left&#8221; background_repeat=&#8221;repeat&#8221; min_height=&#8221;203px&#8221; custom_padding=&#8221;5px|||||&#8221; animation_style=&#8221;slide&#8221; animation_direction=&#8221;top&#8221; animation_intensity_slide=&#8221;3%&#8221;][et_pb_column type=&#8221;4_4&#8243; _builder_version=&#8221;3.25&#8243; custom_padding=&#8221;|||&#8221; custom_padding__hover=&#8221;|||&#8221;][et_pb_text _builder_version=&#8221;4.9.2&#8243; text_font=&#8221;Montserrat|500||on|||||&#8221; text_text_color=&#8221;#FFFFFF&#8221; text_font_size=&#8221;16px&#8221; text_letter_spacing=&#8221;3px&#8221; background_size=&#8221;initial&#8221; background_position=&#8221;top_left&#8221; background_repeat=&#8221;repeat&#8221; custom_margin=&#8221;||45px|&#8221; animation_style=&#8221;slide&#8221; animation_direction=&#8221;bottom&#8221; locked=&#8221;off&#8221;] Projets [\/et_pb_text][et_pb_text _builder_version=&#8221;4.9.2&#8243; text_font=&#8221;||||||||&#8221; header_font=&#8221;Montserrat|700||on|||||&#8221; header_text_color=&#8221;#353740&#8243; header_font_size=&#8221;60px&#8221; header_line_height=&#8221;1.3em&#8221; background_size=&#8221;initial&#8221; background_position=&#8221;top_left&#8221; background_repeat=&#8221;repeat&#8221; custom_margin=&#8221;|||&#8221; animation_style=&#8221;fade&#8221; header_font_size_tablet=&#8221;50px&#8221; header_font_size_phone=&#8221;30px&#8221; header_font_size_last_edited=&#8221;on|desktop&#8221; locked=&#8221;off&#8221;] Fort 8 \u00e0 [&hellip;]","og_url":"https:\/\/deminetec-ecg.com\/fr\/fort-8-a-anvers\/","og_site_name":"Deminetec-ECG","article_publisher":"https:\/\/www.facebook.com\/deminetec\/","article_modified_time":"2021-06-04T10:44:28+00:00","og_image":[{"width":1000,"height":300,"url":"https:\/\/deminetec-ecg.com\/wp-content\/uploads\/2021\/02\/d-ecg_blue2.jpg","type":"image\/jpeg"}],"twitter_card":"summary_large_image","twitter_misc":{"Dur\u00e9e de lecture estim\u00e9e":"5 minutes"},"schema":{"@context":"https:\/\/schema.org","@graph":[{"@type":"WebPage","@id":"https:\/\/deminetec-ecg.com\/fr\/fort-8-a-anvers\/","url":"https:\/\/deminetec-ecg.com\/fr\/fort-8-a-anvers\/","name":"Fort 8 \u00e0 Anvers - Deminetec-ECG","isPartOf":{"@id":"https:\/\/deminetec-ecg.com\/#website"},"datePublished":"2021-06-03T13:49:46+00:00","dateModified":"2021-06-04T10:44:28+00:00","breadcrumb":{"@id":"https:\/\/deminetec-ecg.com\/fr\/fort-8-a-anvers\/#breadcrumb"},"inLanguage":"fr-FR","potentialAction":[{"@type":"ReadAction","target":["https:\/\/deminetec-ecg.com\/fr\/fort-8-a-anvers\/"]}]},{"@type":"BreadcrumbList","@id":"https:\/\/deminetec-ecg.com\/fr\/fort-8-a-anvers\/#breadcrumb","itemListElement":[{"@type":"ListItem","position":1,"name":"Home","item":"https:\/\/deminetec-ecg.com\/fr\/"},{"@type":"ListItem","position":2,"name":"Fort 8 \u00e0 Anvers"}]},{"@type":"WebSite","@id":"https:\/\/deminetec-ecg.com\/#website","url":"https:\/\/deminetec-ecg.com\/","name":"Deminetec-ECG","description":"Just another WordPress site","publisher":{"@id":"https:\/\/deminetec-ecg.com\/#organization"},"potentialAction":[{"@type":"SearchAction","target":{"@type":"EntryPoint","urlTemplate":"https:\/\/deminetec-ecg.com\/?s={search_term_string}"},"query-input":"required name=search_term_string"}],"inLanguage":"fr-FR"},{"@type":"Organization","@id":"https:\/\/deminetec-ecg.com\/#organization","name":"Deminetec ECG","url":"https:\/\/deminetec-ecg.com\/","logo":{"@type":"ImageObject","inLanguage":"fr-FR","@id":"https:\/\/deminetec-ecg.com\/#\/schema\/logo\/image\/","url":"https:\/\/deminetec-ecg.com\/wp-content\/uploads\/2021\/03\/d-ecg_blue1-removebg-preview.png","contentUrl":"https:\/\/deminetec-ecg.com\/wp-content\/uploads\/2021\/03\/d-ecg_blue1-removebg-preview.png","width":500,"height":500,"caption":"Deminetec ECG"},"image":{"@id":"https:\/\/deminetec-ecg.com\/#\/schema\/logo\/image\/"},"sameAs":["https:\/\/www.facebook.com\/deminetec\/"]}]}},"_links":{"self":[{"href":"https:\/\/deminetec-ecg.com\/fr\/wp-json\/wp\/v2\/pages\/2935","targetHints":{"allow":["GET"]}}],"collection":[{"href":"https:\/\/deminetec-ecg.com\/fr\/wp-json\/wp\/v2\/pages"}],"about":[{"href":"https:\/\/deminetec-ecg.com\/fr\/wp-json\/wp\/v2\/types\/page"}],"author":[{"embeddable":true,"href":"https:\/\/deminetec-ecg.com\/fr\/wp-json\/wp\/v2\/users\/1"}],"replies":[{"embeddable":true,"href":"https:\/\/deminetec-ecg.com\/fr\/wp-json\/wp\/v2\/comments?post=2935"}],"version-history":[{"count":6,"href":"https:\/\/deminetec-ecg.com\/fr\/wp-json\/wp\/v2\/pages\/2935\/revisions"}],"predecessor-version":[{"id":3149,"href":"https:\/\/deminetec-ecg.com\/fr\/wp-json\/wp\/v2\/pages\/2935\/revisions\/3149"}],"wp:attachment":[{"href":"https:\/\/deminetec-ecg.com\/fr\/wp-json\/wp\/v2\/media?parent=2935"}],"curies":[{"name":"wp","href":"https:\/\/api.w.org\/{rel}","templated":true}]}}