{"id":2925,"date":"2021-06-03T13:18:52","date_gmt":"2021-06-03T13:18:52","guid":{"rendered":"https:\/\/deminetec-ecg.com\/procedure-decouverte-accidentelle\/"},"modified":"2021-06-04T09:55:48","modified_gmt":"2021-06-04T09:55:48","slug":"procedure-decouverte-accidentelle","status":"publish","type":"page","link":"https:\/\/deminetec-ecg.com\/fr\/procedure-decouverte-accidentelle\/","title":{"rendered":"Proc\u00e9dure d\u00e9couverte accidentelle"},"content":{"rendered":"<p>[et_pb_section fb_built=&#8221;1&#8243; admin_label=&#8221;Hero&#8221; _builder_version=&#8221;4.9.0&#8243; background_color=&#8221;#5A8E9B&#8221; background_enable_image=&#8221;off&#8221; custom_padding=&#8221;|||&#8221; animation_style=&#8221;zoom&#8221; animation_intensity_zoom=&#8221;4%&#8221;][et_pb_row _builder_version=&#8221;3.25&#8243; background_size=&#8221;initial&#8221; background_position=&#8221;top_left&#8221; background_repeat=&#8221;repeat&#8221; custom_padding=&#8221;|||&#8221; animation_style=&#8221;slide&#8221; animation_direction=&#8221;top&#8221; animation_intensity_slide=&#8221;3%&#8221;][et_pb_column type=&#8221;4_4&#8243; _builder_version=&#8221;3.25&#8243; custom_padding=&#8221;|||&#8221; custom_padding__hover=&#8221;|||&#8221;][et_pb_text _builder_version=&#8221;4.9.4&#8243; text_font=&#8221;||||||||&#8221; header_font=&#8221;Montserrat|700||on|||||&#8221; header_text_color=&#8221;#353740&#8243; header_font_size=&#8221;60px&#8221; header_line_height=&#8221;1.3em&#8221; background_size=&#8221;initial&#8221; background_position=&#8221;top_left&#8221; background_repeat=&#8221;repeat&#8221; custom_margin=&#8221;|||&#8221; animation_style=&#8221;fade&#8221; header_font_size_tablet=&#8221;50px&#8221; header_font_size_phone=&#8221;30px&#8221; header_font_size_last_edited=&#8221;on|desktop&#8221; locked=&#8221;off&#8221;]<\/p>\n<h1><span style=\"color: #ffffff;\">Proc\u00e9dure d\u00e9couverte accidentelle<\/span><\/h1>\n<p>[\/et_pb_text][\/et_pb_column][\/et_pb_row][\/et_pb_section][et_pb_section fb_built=&#8221;1&#8243; admin_label=&#8221;Case Study Text&#8221; _builder_version=&#8221;3.22&#8243; custom_margin=&#8221;||1px|||&#8221; custom_padding=&#8221;40px||27px|||&#8221;][et_pb_row _builder_version=&#8221;4.9.0&#8243; _module_preset=&#8221;default&#8221;][et_pb_column type=&#8221;4_4&#8243; _builder_version=&#8221;4.9.0&#8243; _module_preset=&#8221;default&#8221;][et_pb_text _builder_version=&#8221;4.9.2&#8243; _module_preset=&#8221;default&#8221; custom_padding=&#8221;0px|||||&#8221;]<\/p>\n<h3><strong>Que faire en cas de d\u00e9couverte accidentelle et comment \u00e9viter cela ?<\/strong><\/h3>\n<p>Il n&#8217;est pas rare que lors de vos travaux souterrains ou hydrauliques (m\u00eame dans des sites de projet jug\u00e9s \u00e0 faible risque) des explosifs conventionnels ou toxiques soient retrouv\u00e9s. Parfois, ces restes explosifs de guerre sont difficiles \u00e0 reconna\u00eetre. En cas de doute, il vaut mieux ne pas prendre de risques. En dehors de cela, la proc\u00e9dure expliqu\u00e9e ci-dessous est appliqu\u00e9e selon la loi.<\/p>\n<p>&nbsp;<\/p>\n<p><strong>Lorsque vous trouvez (ou soup\u00e7onnez) des munitions non-explos\u00e9es, prenez les mesures suivantes:<\/strong><\/p>\n<p>1) Arr\u00eatez tout travail sur et autour de l&#8217;emplacement de d\u00e9couverte de l\u2019objet.<\/p>\n<p>2) Informez imm\u00e9diatement votre superviseur et vos coll\u00e8gues. L&#8217;entrepreneur responsable informera directement la police locale.<\/p>\n<p>3) La police locale viendra sur place et informera le <strong>service de neutralisation des explosifs et munitions (SEDEE\/DOVO).<\/strong><\/p>\n<p>4) L&#8217;UXO (pr\u00e9sum\u00e9) ne peut \u00eatre touch\u00e9, d\u00e9plac\u00e9 ou manipul\u00e9 d&#8217;aucune fa\u00e7on.<\/p>\n<p>5) L&#8217;acc\u00e8s \u00e0 l&#8217;emplacement de la d\u00e9couverte doit \u00eatre refus\u00e9 et prot\u00e9g\u00e9 jusqu&#8217;\u00e0 l&#8217;arriv\u00e9e des services du SEDEE\/DOVO.<\/p>\n<p>6) Une fois sur place, SEDEE\/DOVO \u00e9tablira un p\u00e9rim\u00e8tre de s\u00e9curit\u00e9. Sur le site du projet, sauf ordre contraire, le dispositif sera mis en place et maintenu par l\u2019entrepreneur et son personnel. En dehors du site, celui-ci sera g\u00e9r\u00e9 par la police locale sur les conseils du SEDEE\/DOVO.<\/p>\n<p>7) Les autorit\u00e9s locales et leurs personnels seront inform\u00e9s de la gestion de l\u2019incident et des proc\u00e9dures<\/p>\n<p>&nbsp;<\/p>\n<p>Une fois les UXO \u00e9limin\u00e9s, les autorit\u00e9s locales et la police, sur les conseils du SEDEE\/DOVO, fourniront un accord (ou un d\u00e9saccord) pour poursuivre les travaux. Remarque importante, toutes les mesures ordonn\u00e9es ci-dessus et les retards sont \u00e0 la charge de l&#8217;entrepreneur.<\/p>\n<p>Beaucoup ne connaissent pas la proc\u00e9dure mentionn\u00e9e ci-dessus. Il y a aussi une id\u00e9e erron\u00e9e r\u00e9pandue sur les services d&#8217;\u00e9limination des explosifs et munitions. Ils ne chercheront pas activement les restes explosifs de guerre. Ils n&#8217;interviendront qu&#8217;une fois qu&#8217;un objet suspect est trouv\u00e9. En Belgique, les \u00e9quipes du SEDEE\/DOVO doivent intervenir environ 3000 fois par an dans tous les coins du pays pour assurer la s\u00e9curit\u00e9 de la population. Il n\u2019est pas possible ni concevable de penser simplement les appeler pour demander une \u00ab v\u00e9rification rapide \u00bb. Ils sont bien trop occup\u00e9s pour cela.<\/p>\n<p>Si au pr\u00e9alable vous souhaitez r\u00e9duire au maximum le risque d&#8217;UXO, ou si vous souhaitez vous assurer qu&#8217;aucun co\u00fbt ou retard impr\u00e9vu ne se produise pour votre projet, n&#8217;h\u00e9sitez pas \u00e0 vous renseigner sur nos services et ce que nous pouvons faire pour vous. DEMINETEC-ECG se fera un plaisir de vous accompagner dans votre projet.<\/p>\n<p>&nbsp;<\/p>\n<p><em>* Notez que la proc\u00e9dure varie l\u00e9g\u00e8rement pour les projets marins en mer ou dans les eaux c\u00f4ti\u00e8res.<\/em><\/p>\n<p>[\/et_pb_text][\/et_pb_column][\/et_pb_row][\/et_pb_section][et_pb_section fb_built=&#8221;1&#8243; fullwidth=&#8221;on&#8221; _builder_version=&#8221;4.9.2&#8243; _module_preset=&#8221;default&#8221; background_image=&#8221;https:\/\/deminetec-ecg.com\/wp-content\/uploads\/2021\/03\/ERW-scaled.jpg&#8221; parallax=&#8221;on&#8221; filter_saturate=&#8221;10%&#8221;][et_pb_fullwidth_header title=&#8221;Besoin d\u2019en savoir plus ou une demande de devis?&#8221; text_orientation=&#8221;center&#8221; button_one_text=&#8221;Contact&#8221; button_one_url=&#8221;https:\/\/deminetec-ecg.com\/contact\/&#8221; background_overlay_color=&#8221;RGBA(0,0,0,0)&#8221; _builder_version=&#8221;4.9.4&#8243; _module_preset=&#8221;default&#8221; title_level=&#8221;h2&#8243; title_font=&#8221;|700|||||||&#8221; title_font_size=&#8221;29px&#8221; background_enable_color=&#8221;off&#8221; background_enable_image=&#8221;off&#8221; background_blend=&#8221;hue&#8221; custom_button_one=&#8221;on&#8221; button_one_text_color=&#8221;#000000&#8243; button_one_bg_color=&#8221;#FFFFFF&#8221; button_one_border_width=&#8221;3px&#8221; button_one_border_color=&#8221;#FFFFFF&#8221; button_one_border_radius=&#8221;100px&#8221; button_one_letter_spacing=&#8221;2px&#8221; button_one_font=&#8221;Montserrat|on||on|&#8221; button_one_icon=&#8221;%%36%%&#8221; button_one_icon_color=&#8221;#000000&#8243; button_one_custom_margin=&#8221;|||10px|false|false&#8221; button_one_custom_margin_tablet=&#8221;|||10px|false|false&#8221; button_one_custom_margin_phone=&#8221;|||10px|false|false&#8221; button_one_custom_margin_last_edited=&#8221;on|desktop&#8221; child_filter_saturate=&#8221;163%&#8221; link_option_url=&#8221;https:\/\/deminetec-ecg.com\/contact\/&#8221; link_option_url_new_window=&#8221;on&#8221; hover_enabled=&#8221;0&#8243; text_shadow_style=&#8221;preset5&#8243; button_one_text_color__hover=&#8221;#000000&#8243; button_one_text_color__hover_enabled=&#8221;on|hover&#8221; button_one_bg_color__hover=&#8221;#FFFFFF&#8221; button_one_bg_color__hover_enabled=&#8221;on|hover&#8221; button_one_border_color__hover=&#8221;#ffffff&#8221; button_one_border_color__hover_enabled=&#8221;on|desktop&#8221; button_one_letter_spacing__hover=&#8221;2px&#8221; button_one_letter_spacing__hover_enabled=&#8221;on&#8221; button_one_bg_enable_color__hover=&#8221;on&#8221; sticky_enabled=&#8221;0&#8243;][\/et_pb_fullwidth_header][\/et_pb_section]<\/p>\n","protected":false},"excerpt":{"rendered":"<p>[et_pb_section fb_built=&#8221;1&#8243; admin_label=&#8221;Hero&#8221; _builder_version=&#8221;4.9.0&#8243; background_color=&#8221;#5A8E9B&#8221; background_enable_image=&#8221;off&#8221; custom_padding=&#8221;|||&#8221; animation_style=&#8221;zoom&#8221; animation_intensity_zoom=&#8221;4%&#8221;][et_pb_row _builder_version=&#8221;3.25&#8243; background_size=&#8221;initial&#8221; background_position=&#8221;top_left&#8221; background_repeat=&#8221;repeat&#8221; custom_padding=&#8221;|||&#8221; animation_style=&#8221;slide&#8221; animation_direction=&#8221;top&#8221; animation_intensity_slide=&#8221;3%&#8221;][et_pb_column type=&#8221;4_4&#8243; _builder_version=&#8221;3.25&#8243; custom_padding=&#8221;|||&#8221; custom_padding__hover=&#8221;|||&#8221;][et_pb_text _builder_version=&#8221;4.9.4&#8243; text_font=&#8221;||||||||&#8221; header_font=&#8221;Montserrat|700||on|||||&#8221; header_text_color=&#8221;#353740&#8243; header_font_size=&#8221;60px&#8221; header_line_height=&#8221;1.3em&#8221; background_size=&#8221;initial&#8221; background_position=&#8221;top_left&#8221; background_repeat=&#8221;repeat&#8221; custom_margin=&#8221;|||&#8221; animation_style=&#8221;fade&#8221; header_font_size_tablet=&#8221;50px&#8221; header_font_size_phone=&#8221;30px&#8221; header_font_size_last_edited=&#8221;on|desktop&#8221; locked=&#8221;off&#8221;] Proc\u00e9dure d\u00e9couverte accidentelle [\/et_pb_text][\/et_pb_column][\/et_pb_row][\/et_pb_section][et_pb_section fb_built=&#8221;1&#8243; admin_label=&#8221;Case Study Text&#8221; _builder_version=&#8221;3.22&#8243; custom_margin=&#8221;||1px|||&#8221; custom_padding=&#8221;40px||27px|||&#8221;][et_pb_row _builder_version=&#8221;4.9.0&#8243; _module_preset=&#8221;default&#8221;][et_pb_column type=&#8221;4_4&#8243; _builder_version=&#8221;4.9.0&#8243; _module_preset=&#8221;default&#8221;][et_pb_text _builder_version=&#8221;4.9.2&#8243; _module_preset=&#8221;default&#8221; custom_padding=&#8221;0px|||||&#8221;] [&hellip;]<\/p>\n","protected":false},"author":1,"featured_media":0,"parent":0,"menu_order":0,"comment_status":"closed","ping_status":"closed","template":"","meta":{"_et_pb_use_builder":"on","_et_pb_old_content":"","_et_gb_content_width":"","footnotes":""},"class_list":["post-2925","page","type-page","status-publish","hentry"],"yoast_head":"<!-- This site is optimized with the Yoast SEO plugin v23.3 - https:\/\/yoast.com\/wordpress\/plugins\/seo\/ -->\n<title>Proc\u00e9dure d\u00e9couverte accidentelle - Deminetec-ECG<\/title>\n<meta name=\"robots\" content=\"index, follow, max-snippet:-1, max-image-preview:large, max-video-preview:-1\" \/>\n<link rel=\"canonical\" href=\"https:\/\/deminetec-ecg.com\/fr\/procedure-decouverte-accidentelle\/\" \/>\n<meta property=\"og:locale\" content=\"fr_FR\" \/>\n<meta property=\"og:type\" content=\"article\" \/>\n<meta property=\"og:title\" content=\"Proc\u00e9dure d\u00e9couverte accidentelle - Deminetec-ECG\" \/>\n<meta property=\"og:description\" content=\"[et_pb_section fb_built=&#8221;1&#8243; admin_label=&#8221;Hero&#8221; _builder_version=&#8221;4.9.0&#8243; background_color=&#8221;#5A8E9B&#8221; background_enable_image=&#8221;off&#8221; custom_padding=&#8221;|||&#8221; animation_style=&#8221;zoom&#8221; animation_intensity_zoom=&#8221;4%&#8221;][et_pb_row _builder_version=&#8221;3.25&#8243; background_size=&#8221;initial&#8221; background_position=&#8221;top_left&#8221; background_repeat=&#8221;repeat&#8221; custom_padding=&#8221;|||&#8221; animation_style=&#8221;slide&#8221; animation_direction=&#8221;top&#8221; animation_intensity_slide=&#8221;3%&#8221;][et_pb_column type=&#8221;4_4&#8243; _builder_version=&#8221;3.25&#8243; custom_padding=&#8221;|||&#8221; custom_padding__hover=&#8221;|||&#8221;][et_pb_text _builder_version=&#8221;4.9.4&#8243; text_font=&#8221;||||||||&#8221; header_font=&#8221;Montserrat|700||on|||||&#8221; header_text_color=&#8221;#353740&#8243; header_font_size=&#8221;60px&#8221; header_line_height=&#8221;1.3em&#8221; background_size=&#8221;initial&#8221; background_position=&#8221;top_left&#8221; background_repeat=&#8221;repeat&#8221; custom_margin=&#8221;|||&#8221; animation_style=&#8221;fade&#8221; header_font_size_tablet=&#8221;50px&#8221; header_font_size_phone=&#8221;30px&#8221; header_font_size_last_edited=&#8221;on|desktop&#8221; locked=&#8221;off&#8221;] Proc\u00e9dure d\u00e9couverte accidentelle [\/et_pb_text][\/et_pb_column][\/et_pb_row][\/et_pb_section][et_pb_section fb_built=&#8221;1&#8243; admin_label=&#8221;Case Study Text&#8221; _builder_version=&#8221;3.22&#8243; custom_margin=&#8221;||1px|||&#8221; custom_padding=&#8221;40px||27px|||&#8221;][et_pb_row _builder_version=&#8221;4.9.0&#8243; _module_preset=&#8221;default&#8221;][et_pb_column type=&#8221;4_4&#8243; _builder_version=&#8221;4.9.0&#8243; _module_preset=&#8221;default&#8221;][et_pb_text _builder_version=&#8221;4.9.2&#8243; _module_preset=&#8221;default&#8221; custom_padding=&#8221;0px|||||&#8221;] [&hellip;]\" \/>\n<meta property=\"og:url\" content=\"https:\/\/deminetec-ecg.com\/fr\/procedure-decouverte-accidentelle\/\" \/>\n<meta property=\"og:site_name\" content=\"Deminetec-ECG\" \/>\n<meta property=\"article:publisher\" content=\"https:\/\/www.facebook.com\/deminetec\/\" \/>\n<meta property=\"article:modified_time\" content=\"2021-06-04T09:55:48+00:00\" \/>\n<meta property=\"og:image\" content=\"https:\/\/deminetec-ecg.com\/wp-content\/uploads\/2021\/02\/d-ecg_blue2.jpg\" \/>\n\t<meta property=\"og:image:width\" content=\"1000\" \/>\n\t<meta property=\"og:image:height\" content=\"300\" \/>\n\t<meta property=\"og:image:type\" content=\"image\/jpeg\" \/>\n<meta name=\"twitter:card\" content=\"summary_large_image\" \/>\n<meta name=\"twitter:label1\" content=\"Dur\u00e9e de lecture estim\u00e9e\" \/>\n\t<meta name=\"twitter:data1\" content=\"5 minutes\" \/>\n<script type=\"application\/ld+json\" class=\"yoast-schema-graph\">{\"@context\":\"https:\/\/schema.org\",\"@graph\":[{\"@type\":\"WebPage\",\"@id\":\"https:\/\/deminetec-ecg.com\/fr\/procedure-decouverte-accidentelle\/\",\"url\":\"https:\/\/deminetec-ecg.com\/fr\/procedure-decouverte-accidentelle\/\",\"name\":\"Proc\u00e9dure d\u00e9couverte accidentelle - Deminetec-ECG\",\"isPartOf\":{\"@id\":\"https:\/\/deminetec-ecg.com\/#website\"},\"datePublished\":\"2021-06-03T13:18:52+00:00\",\"dateModified\":\"2021-06-04T09:55:48+00:00\",\"breadcrumb\":{\"@id\":\"https:\/\/deminetec-ecg.com\/fr\/procedure-decouverte-accidentelle\/#breadcrumb\"},\"inLanguage\":\"fr-FR\",\"potentialAction\":[{\"@type\":\"ReadAction\",\"target\":[\"https:\/\/deminetec-ecg.com\/fr\/procedure-decouverte-accidentelle\/\"]}]},{\"@type\":\"BreadcrumbList\",\"@id\":\"https:\/\/deminetec-ecg.com\/fr\/procedure-decouverte-accidentelle\/#breadcrumb\",\"itemListElement\":[{\"@type\":\"ListItem\",\"position\":1,\"name\":\"Home\",\"item\":\"https:\/\/deminetec-ecg.com\/fr\/\"},{\"@type\":\"ListItem\",\"position\":2,\"name\":\"Proc\u00e9dure d\u00e9couverte accidentelle\"}]},{\"@type\":\"WebSite\",\"@id\":\"https:\/\/deminetec-ecg.com\/#website\",\"url\":\"https:\/\/deminetec-ecg.com\/\",\"name\":\"Deminetec-ECG\",\"description\":\"Just another WordPress site\",\"publisher\":{\"@id\":\"https:\/\/deminetec-ecg.com\/#organization\"},\"potentialAction\":[{\"@type\":\"SearchAction\",\"target\":{\"@type\":\"EntryPoint\",\"urlTemplate\":\"https:\/\/deminetec-ecg.com\/?s={search_term_string}\"},\"query-input\":\"required name=search_term_string\"}],\"inLanguage\":\"fr-FR\"},{\"@type\":\"Organization\",\"@id\":\"https:\/\/deminetec-ecg.com\/#organization\",\"name\":\"Deminetec ECG\",\"url\":\"https:\/\/deminetec-ecg.com\/\",\"logo\":{\"@type\":\"ImageObject\",\"inLanguage\":\"fr-FR\",\"@id\":\"https:\/\/deminetec-ecg.com\/#\/schema\/logo\/image\/\",\"url\":\"https:\/\/deminetec-ecg.com\/wp-content\/uploads\/2021\/03\/d-ecg_blue1-removebg-preview.png\",\"contentUrl\":\"https:\/\/deminetec-ecg.com\/wp-content\/uploads\/2021\/03\/d-ecg_blue1-removebg-preview.png\",\"width\":500,\"height\":500,\"caption\":\"Deminetec ECG\"},\"image\":{\"@id\":\"https:\/\/deminetec-ecg.com\/#\/schema\/logo\/image\/\"},\"sameAs\":[\"https:\/\/www.facebook.com\/deminetec\/\"]}]}<\/script>\n<!-- \/ Yoast SEO plugin. -->","yoast_head_json":{"title":"Proc\u00e9dure d\u00e9couverte accidentelle - Deminetec-ECG","robots":{"index":"index","follow":"follow","max-snippet":"max-snippet:-1","max-image-preview":"max-image-preview:large","max-video-preview":"max-video-preview:-1"},"canonical":"https:\/\/deminetec-ecg.com\/fr\/procedure-decouverte-accidentelle\/","og_locale":"fr_FR","og_type":"article","og_title":"Proc\u00e9dure d\u00e9couverte accidentelle - Deminetec-ECG","og_description":"[et_pb_section fb_built=&#8221;1&#8243; admin_label=&#8221;Hero&#8221; _builder_version=&#8221;4.9.0&#8243; background_color=&#8221;#5A8E9B&#8221; background_enable_image=&#8221;off&#8221; custom_padding=&#8221;|||&#8221; animation_style=&#8221;zoom&#8221; animation_intensity_zoom=&#8221;4%&#8221;][et_pb_row _builder_version=&#8221;3.25&#8243; background_size=&#8221;initial&#8221; background_position=&#8221;top_left&#8221; background_repeat=&#8221;repeat&#8221; custom_padding=&#8221;|||&#8221; animation_style=&#8221;slide&#8221; animation_direction=&#8221;top&#8221; animation_intensity_slide=&#8221;3%&#8221;][et_pb_column type=&#8221;4_4&#8243; _builder_version=&#8221;3.25&#8243; custom_padding=&#8221;|||&#8221; custom_padding__hover=&#8221;|||&#8221;][et_pb_text _builder_version=&#8221;4.9.4&#8243; text_font=&#8221;||||||||&#8221; header_font=&#8221;Montserrat|700||on|||||&#8221; header_text_color=&#8221;#353740&#8243; header_font_size=&#8221;60px&#8221; header_line_height=&#8221;1.3em&#8221; background_size=&#8221;initial&#8221; background_position=&#8221;top_left&#8221; background_repeat=&#8221;repeat&#8221; custom_margin=&#8221;|||&#8221; animation_style=&#8221;fade&#8221; header_font_size_tablet=&#8221;50px&#8221; header_font_size_phone=&#8221;30px&#8221; header_font_size_last_edited=&#8221;on|desktop&#8221; locked=&#8221;off&#8221;] Proc\u00e9dure d\u00e9couverte accidentelle [\/et_pb_text][\/et_pb_column][\/et_pb_row][\/et_pb_section][et_pb_section fb_built=&#8221;1&#8243; admin_label=&#8221;Case Study Text&#8221; _builder_version=&#8221;3.22&#8243; custom_margin=&#8221;||1px|||&#8221; custom_padding=&#8221;40px||27px|||&#8221;][et_pb_row _builder_version=&#8221;4.9.0&#8243; _module_preset=&#8221;default&#8221;][et_pb_column type=&#8221;4_4&#8243; _builder_version=&#8221;4.9.0&#8243; _module_preset=&#8221;default&#8221;][et_pb_text _builder_version=&#8221;4.9.2&#8243; _module_preset=&#8221;default&#8221; custom_padding=&#8221;0px|||||&#8221;] [&hellip;]","og_url":"https:\/\/deminetec-ecg.com\/fr\/procedure-decouverte-accidentelle\/","og_site_name":"Deminetec-ECG","article_publisher":"https:\/\/www.facebook.com\/deminetec\/","article_modified_time":"2021-06-04T09:55:48+00:00","og_image":[{"width":1000,"height":300,"url":"https:\/\/deminetec-ecg.com\/wp-content\/uploads\/2021\/02\/d-ecg_blue2.jpg","type":"image\/jpeg"}],"twitter_card":"summary_large_image","twitter_misc":{"Dur\u00e9e de lecture estim\u00e9e":"5 minutes"},"schema":{"@context":"https:\/\/schema.org","@graph":[{"@type":"WebPage","@id":"https:\/\/deminetec-ecg.com\/fr\/procedure-decouverte-accidentelle\/","url":"https:\/\/deminetec-ecg.com\/fr\/procedure-decouverte-accidentelle\/","name":"Proc\u00e9dure d\u00e9couverte accidentelle - Deminetec-ECG","isPartOf":{"@id":"https:\/\/deminetec-ecg.com\/#website"},"datePublished":"2021-06-03T13:18:52+00:00","dateModified":"2021-06-04T09:55:48+00:00","breadcrumb":{"@id":"https:\/\/deminetec-ecg.com\/fr\/procedure-decouverte-accidentelle\/#breadcrumb"},"inLanguage":"fr-FR","potentialAction":[{"@type":"ReadAction","target":["https:\/\/deminetec-ecg.com\/fr\/procedure-decouverte-accidentelle\/"]}]},{"@type":"BreadcrumbList","@id":"https:\/\/deminetec-ecg.com\/fr\/procedure-decouverte-accidentelle\/#breadcrumb","itemListElement":[{"@type":"ListItem","position":1,"name":"Home","item":"https:\/\/deminetec-ecg.com\/fr\/"},{"@type":"ListItem","position":2,"name":"Proc\u00e9dure d\u00e9couverte accidentelle"}]},{"@type":"WebSite","@id":"https:\/\/deminetec-ecg.com\/#website","url":"https:\/\/deminetec-ecg.com\/","name":"Deminetec-ECG","description":"Just another WordPress site","publisher":{"@id":"https:\/\/deminetec-ecg.com\/#organization"},"potentialAction":[{"@type":"SearchAction","target":{"@type":"EntryPoint","urlTemplate":"https:\/\/deminetec-ecg.com\/?s={search_term_string}"},"query-input":"required name=search_term_string"}],"inLanguage":"fr-FR"},{"@type":"Organization","@id":"https:\/\/deminetec-ecg.com\/#organization","name":"Deminetec ECG","url":"https:\/\/deminetec-ecg.com\/","logo":{"@type":"ImageObject","inLanguage":"fr-FR","@id":"https:\/\/deminetec-ecg.com\/#\/schema\/logo\/image\/","url":"https:\/\/deminetec-ecg.com\/wp-content\/uploads\/2021\/03\/d-ecg_blue1-removebg-preview.png","contentUrl":"https:\/\/deminetec-ecg.com\/wp-content\/uploads\/2021\/03\/d-ecg_blue1-removebg-preview.png","width":500,"height":500,"caption":"Deminetec ECG"},"image":{"@id":"https:\/\/deminetec-ecg.com\/#\/schema\/logo\/image\/"},"sameAs":["https:\/\/www.facebook.com\/deminetec\/"]}]}},"_links":{"self":[{"href":"https:\/\/deminetec-ecg.com\/fr\/wp-json\/wp\/v2\/pages\/2925","targetHints":{"allow":["GET"]}}],"collection":[{"href":"https:\/\/deminetec-ecg.com\/fr\/wp-json\/wp\/v2\/pages"}],"about":[{"href":"https:\/\/deminetec-ecg.com\/fr\/wp-json\/wp\/v2\/types\/page"}],"author":[{"embeddable":true,"href":"https:\/\/deminetec-ecg.com\/fr\/wp-json\/wp\/v2\/users\/1"}],"replies":[{"embeddable":true,"href":"https:\/\/deminetec-ecg.com\/fr\/wp-json\/wp\/v2\/comments?post=2925"}],"version-history":[{"count":4,"href":"https:\/\/deminetec-ecg.com\/fr\/wp-json\/wp\/v2\/pages\/2925\/revisions"}],"predecessor-version":[{"id":3104,"href":"https:\/\/deminetec-ecg.com\/fr\/wp-json\/wp\/v2\/pages\/2925\/revisions\/3104"}],"wp:attachment":[{"href":"https:\/\/deminetec-ecg.com\/fr\/wp-json\/wp\/v2\/media?parent=2925"}],"curies":[{"name":"wp","href":"https:\/\/api.w.org\/{rel}","templated":true}]}}